{"id":2065,"date":"2026-04-15T14:30:43","date_gmt":"2026-04-15T13:30:43","guid":{"rendered":"https:\/\/adauraserenity-conciergerie.com\/?page_id=2065"},"modified":"2026-04-15T20:34:33","modified_gmt":"2026-04-15T19:34:33","slug":"accueil","status":"publish","type":"page","link":"https:\/\/adauraserenity-conciergerie.com\/en\/","title":{"rendered":"ACCUEIL"},"content":{"rendered":"\t\t<div data-elementor-type=\"wp-page\" data-elementor-id=\"2065\" class=\"elementor elementor-2065\" data-elementor-post-type=\"page\">\n\t\t\t\t<div class=\"elementor-element elementor-element-76eb33d e-flex e-con-boxed e-con e-parent\" data-id=\"76eb33d\" data-element_type=\"container\" data-e-type=\"container\" data-settings=\"{&quot;background_background&quot;:&quot;classic&quot;}\">\n\t\t\t\t\t<div class=\"e-con-inner\">\n\t\t\t\t<div class=\"elementor-element elementor-element-1dec91c elementor-widget__width-inherit elementor-widget-mobile__width-initial elementor-invisible elementor-widget elementor-widget-heading\" data-id=\"1dec91c\" data-element_type=\"widget\" data-e-type=\"widget\" data-settings=\"{&quot;_animation&quot;:&quot;fadeInUp&quot;}\" data-widget_type=\"heading.default\">\n\t\t\t\t\t<h2 class=\"elementor-heading-title elementor-size-default\">AD Aura Serenity &amp; Co, \nl'excellence au service de votre s\u00e9r\u00e9nit\u00e9<\/h2>\t\t\t\t<\/div>\n\t\t\t\t\t<\/div>\n\t\t\t\t<\/div>\n\t\t<div class=\"elementor-element elementor-element-bbe797d e-flex e-con-boxed e-con e-parent\" data-id=\"bbe797d\" data-element_type=\"container\" data-e-type=\"container\">\n\t\t\t\t\t<div class=\"e-con-inner\">\n\t\t<div class=\"elementor-element elementor-element-606e19f e-con-full e-flex e-con e-child\" data-id=\"606e19f\" data-element_type=\"container\" data-e-type=\"container\" data-settings=\"{&quot;background_background&quot;:&quot;gradient&quot;}\">\n\t\t\t\t<div class=\"elementor-element elementor-element-4d39ee7 elementor-widget elementor-widget-text-editor\" data-id=\"4d39ee7\" data-element_type=\"widget\" data-e-type=\"widget\" data-settings=\"{&quot;motion_fx_motion_fx_mouse&quot;:&quot;yes&quot;,&quot;motion_fx_mouseTrack_effect&quot;:&quot;yes&quot;,&quot;motion_fx_mouseTrack_direction&quot;:&quot;negative&quot;,&quot;motion_fx_mouseTrack_speed&quot;:{&quot;unit&quot;:&quot;px&quot;,&quot;size&quot;:0.3,&quot;sizes&quot;:[]}}\" data-widget_type=\"text-editor.default\">\n\t\t\t\t\t\t\t\t\t<p><em><strong>Dans l\u2019\u00e9l\u00e9gance intemporelle de la C\u00f4te d\u2019Azur, o\u00f9 chaque d\u00e9tail compte et o\u00f9 l\u2019exigence devient un art de vivre, AD Aura Serenity &amp; Co est n\u00e9e d\u2019une vision : offrir bien plus qu\u2019un service, cr\u00e9er une exp\u00e9rience d\u2019exception. <span class=\"Apple-converted-space\">\u00a0<\/span><\/strong><\/em><\/p><p><em><strong>Pens\u00e9e pour les propri\u00e9taires exigeants comme pour les voyageurs en qu\u00eate de s\u00e9r\u00e9nit\u00e9, notre conciergerie incarne une approche raffin\u00e9e, discr\u00e8te et enti\u00e8rement personnalis\u00e9e. <span class=\"Apple-converted-space\">\u00a0<\/span><\/strong><\/em><\/p><p><em><strong>Chaque s\u00e9jour, chaque accueil, chaque prestation est orchestr\u00e9 avec pr\u00e9cision, afin de transformer l\u2019ordinaire en moments uniques. De la gestion de votre bien \u00e0 l\u2019organisation de services sur mesure, nous veillons \u00e0 chaque d\u00e9tail avec soin et professionnalisme. <span class=\"Apple-converted-space\">\u00a0<\/span><\/strong><\/em><\/p><p><em><strong>Notre engagement est simple : vous offrir la tranquillit\u00e9 d\u2019esprit, tout en sublimant chaque instant. <span class=\"Apple-converted-space\">\u00a0<\/span><\/strong><\/em><\/p><p><em><strong>AD Aura Serenity &amp; Co, l\u2019exigence du d\u00e9tail, la promesse d\u2019un service d\u2019exception. <span class=\"Apple-converted-space\">\u00a0<\/span><\/strong><\/em><\/p><p><em><strong>Laissez-vous guider\u2026 <span class=\"Apple-converted-space\">\u00a0<\/span><\/strong><\/em><\/p><p><em><strong>D\u00e9couvrez notre univers.<\/strong><\/em><\/p>\t\t\t\t\t\t\t\t<\/div>\n\t\t\t\t<\/div>\n\t\t\t\t<div class=\"elementor-element elementor-element-43b70ac elementor-widget elementor-widget-heading\" data-id=\"43b70ac\" data-element_type=\"widget\" data-e-type=\"widget\" data-widget_type=\"heading.default\">\n\t\t\t\t\t<h2 class=\"elementor-heading-title elementor-size-default\">Une expertise unique pour des biens d'exception<\/h2>\t\t\t\t<\/div>\n\t\t\t\t<div class=\"elementor-element elementor-element-f296da9 elementor-widget elementor-widget-text-editor\" data-id=\"f296da9\" data-element_type=\"widget\" data-e-type=\"widget\" data-widget_type=\"text-editor.default\">\n\t\t\t\t\t\t\t\t\t<p style=\"text-align: center;\">Que votre propri\u00e9t\u00e9 soit sur terre ou sur l&rsquo;eau, que vous soyez propri\u00e9taire, professionnel ou voyageur, nous assurons une gestion globale et une maintenance experte sur Nice et ses alentours.<\/p>\t\t\t\t\t\t\t\t<\/div>\n\t\t\t\t<div class=\"elementor-element elementor-element-68d6749 elementor-widget elementor-widget-heading\" data-id=\"68d6749\" data-element_type=\"widget\" data-e-type=\"widget\" data-widget_type=\"heading.default\">\n\t\t\t\t\t<h2 class=\"elementor-heading-title elementor-size-default\">Nos P\u00f4les d'Expertise<\/h2>\t\t\t\t<\/div>\n\t\t\t\t<div class=\"elementor-element elementor-element-dd1fef4 elementor-widget elementor-widget-heading\" data-id=\"dd1fef4\" data-element_type=\"widget\" data-e-type=\"widget\" data-widget_type=\"heading.default\">\n\t\t\t\t\t<h2 class=\"elementor-heading-title elementor-size-default\">\ud83c\udfe0 Propri\u00e9taires (Bailleurs, R\u00e9sidents &amp; Biens Flottants)<\/h2>\t\t\t\t<\/div>\n\t\t\t\t<div class=\"elementor-element elementor-element-4fee40b elementor-widget elementor-widget-text-editor\" data-id=\"4fee40b\" data-element_type=\"widget\" data-e-type=\"widget\" data-widget_type=\"text-editor.default\">\n\t\t\t\t\t\t\t\t\t<p><b>La protection de votre patrimoine, sur terre comme sur l&rsquo;eau.\u00a0\u00bb<\/b><b><\/b><\/p><p>\u2022 <b>Gestion Locative Premium :<\/b> Optimisation des revenus pour vos villas, appartements et logements flottants (yachts, p\u00e9niches).<\/p><p>\u2022 <b>Vigilance &amp; Intendance :<\/b> Visites de contr\u00f4le, surveillance apr\u00e8s intemp\u00e9ries et gardiennage.<\/p><p>\u2022 <b>Maintenance Technique :<\/b> Petit bricolage et suivi sp\u00e9cifique des \u00e9quipements\u00a0<\/p>\t\t\t\t\t\t\t\t<\/div>\n\t\t\t\t<div class=\"elementor-element elementor-element-0417e19 elementor-widget elementor-widget-heading\" data-id=\"0417e19\" data-element_type=\"widget\" data-e-type=\"widget\" data-widget_type=\"heading.default\">\n\t\t\t\t\t<h2 class=\"elementor-heading-title elementor-size-default\">\ud83e\uddf3 Voyageurs &amp; Locataires<\/h2>\t\t\t\t<\/div>\n\t\t\t\t<div class=\"elementor-element elementor-element-4e5a264 elementor-widget elementor-widget-text-editor\" data-id=\"4e5a264\" data-element_type=\"widget\" data-e-type=\"widget\" data-widget_type=\"text-editor.default\">\n\t\t\t\t\t\t\t\t\t<p>\u2022 <b>Accueil &amp; Conciergerie :<\/b> Check-in personnalis\u00e9, pr\u00e9sentation des sp\u00e9cificit\u00e9s du bien\u00a0<\/p><p>\u2022 <b>Assistance 7j\/7 :<\/b> Une \u00e9quipe r\u00e9active pour garantir votre confort et r\u00e9soudre tout incident technique.<\/p><p>\u2022 <b>Services de S\u00e9jour :<\/b> M\u00e9nage, blanchisserie et exp\u00e9riences sur-mesure pour sublimer vos vacances.<\/p>\t\t\t\t\t\t\t\t<\/div>\n\t\t\t\t<div class=\"elementor-element elementor-element-5b85e7f elementor-widget elementor-widget-heading\" data-id=\"5b85e7f\" data-element_type=\"widget\" data-e-type=\"widget\" data-widget_type=\"heading.default\">\n\t\t\t\t\t<h2 class=\"elementor-heading-title elementor-size-default\">\ud83c\udfec Commerces &amp; Entreprises<\/h2>\t\t\t\t<\/div>\n\t\t\t\t<div class=\"elementor-element elementor-element-9a49562 elementor-widget elementor-widget-text-editor\" data-id=\"9a49562\" data-element_type=\"widget\" data-e-type=\"widget\" data-widget_type=\"text-editor.default\">\n\t\t\t\t\t\t\t\t\t<p><b>La s\u00e9r\u00e9nit\u00e9 op\u00e9rationnelle pour votre \u00e9tablissement.<\/b><\/p>\t\t\t\t\t\t\t\t<\/div>\n\t\t\t\t<div class=\"elementor-element elementor-element-95ceaa2 elementor-widget elementor-widget-text-editor\" data-id=\"95ceaa2\" data-element_type=\"widget\" data-e-type=\"widget\" data-widget_type=\"text-editor.default\">\n\t\t\t\t\t\t\t\t\t<p>\u2022 <b>Intendance Magasin :<\/b> Gestion des acc\u00e8s, surveillance des alarmes et ouverture\/fermeture.<\/p><p>\u2022 <b>Maintenance Pro :<\/b> R\u00e9parations express pour garantir la continuit\u00e9 de votre activit\u00e9 commerciale.<\/p>\t\t\t\t\t\t\t\t<\/div>\n\t\t\t\t<div class=\"elementor-element elementor-element-ed9b673 elementor-widget elementor-widget-heading\" data-id=\"ed9b673\" data-element_type=\"widget\" data-e-type=\"widget\" data-widget_type=\"heading.default\">\n\t\t\t\t\t<h2 class=\"elementor-heading-title elementor-size-default\">Nos Services \"Signature\" \u00e0 la carte<\/h2>\t\t\t\t<\/div>\n\t\t\t\t<div class=\"elementor-element elementor-element-14c5bb9 elementor-widget elementor-widget-text-editor\" data-id=\"14c5bb9\" data-element_type=\"widget\" data-e-type=\"widget\" data-widget_type=\"text-editor.default\">\n\t\t\t\t\t\t\t\t\t<p>Des prestations exclusives pour tous nos clients :<\/p>\t\t\t\t\t\t\t\t<\/div>\n\t\t\t\t<div class=\"elementor-element elementor-element-bdfdf88 elementor-widget elementor-widget-text-editor\" data-id=\"bdfdf88\" data-element_type=\"widget\" data-e-type=\"widget\" data-widget_type=\"text-editor.default\">\n\t\t\t\t\t\t\t\t\t<p>\u2022 <b>Conciergerie Priv\u00e9e :<\/b> Chef \u00e0 domicile, transferts VIP, livraison de courses \u00e0 quai ou \u00e0 domicile.<\/p><p>\u2022 <strong>Entretien Sp\u00e9cialis\u00e9<\/strong> : Jardin, piscine, et nettoyage sp\u00e9cifique<\/p><p>\u2022 <b>Le Club Privil\u00e8ge :<\/b> Acc\u00e8s exclusif \u00e0 notre r\u00e9seau de partenaires et avantages membres.<\/p>\t\t\t\t\t\t\t\t<\/div>\n\t\t\t\t<div class=\"elementor-element elementor-element-5fdbd87 elementor-widget elementor-widget-heading\" data-id=\"5fdbd87\" data-element_type=\"widget\" data-e-type=\"widget\" data-widget_type=\"heading.default\">\n\t\t\t\t\t<h2 class=\"elementor-heading-title elementor-size-default\">Nos Engagements<\/h2>\t\t\t\t<\/div>\n\t\t\t\t<div class=\"elementor-element elementor-element-44900be elementor-widget elementor-widget-text-editor\" data-id=\"44900be\" data-element_type=\"widget\" data-e-type=\"widget\" data-widget_type=\"text-editor.default\">\n\t\t\t\t\t\t\t\t\t<p>\u2022 <b>Polyvalence :<\/b> Une double expertise d&rsquo;analyse de rentabilit\u00e9 immobili\u00e8re et nautique unique.<\/p><p>\u2022 <b>R\u00e9activit\u00e9 :<\/b> Une pr\u00e9sence locale imm\u00e9diate pour agir 7j\/7, sur terre ou \u00e0 quai.<\/p><p>\u2022 <b>Exigence :<\/b> Un r\u00e9seau de professionnels qualifi\u00e9s pour chaque domaine technique.<\/p>\t\t\t\t\t\t\t\t<\/div>\n\t\t\t\t<div class=\"elementor-element elementor-element-e574c98 elementor-widget elementor-widget-text-editor\" data-id=\"e574c98\" data-element_type=\"widget\" data-e-type=\"widget\" data-widget_type=\"text-editor.default\">\n\t\t\t\t\t\t\t\t\t<p><b>Pr\u00eat \u00e0 nous confier vos cl\u00e9s ou votre s\u00e9jour ?<\/b><\/p>\t\t\t\t\t\t\t\t<\/div>\n\t\t\t\t<div class=\"elementor-element elementor-element-95cdaaf elementor-widget elementor-widget-text-editor\" data-id=\"95cdaaf\" data-element_type=\"widget\" data-e-type=\"widget\" data-widget_type=\"text-editor.default\">\n\t\t\t\t\t\t\t\t\t<p>Contactez-nous pour une \u00e9tude personnalis\u00e9e de vos besoins via notre formulation dans la section \u00ab\u00a0contact\u00a0\u00bb<\/p>\t\t\t\t\t\t\t\t<\/div>\n\t\t\t\t<div class=\"elementor-element elementor-element-cbe2746 elementor-widget-mobile__width-initial elementor-widget elementor-widget-text-editor\" data-id=\"cbe2746\" data-element_type=\"widget\" data-e-type=\"widget\" data-settings=\"{&quot;motion_fx_motion_fx_scrolling&quot;:&quot;yes&quot;,&quot;motion_fx_scale_effect&quot;:&quot;yes&quot;,&quot;motion_fx_scale_direction&quot;:&quot;out-in&quot;,&quot;motion_fx_scale_speed&quot;:{&quot;unit&quot;:&quot;px&quot;,&quot;size&quot;:4,&quot;sizes&quot;:[]},&quot;motion_fx_scale_range&quot;:{&quot;unit&quot;:&quot;%&quot;,&quot;size&quot;:&quot;&quot;,&quot;sizes&quot;:{&quot;start&quot;:20,&quot;end&quot;:80}},&quot;motion_fx_devices&quot;:[&quot;desktop&quot;,&quot;tablet&quot;,&quot;mobile&quot;]}\" data-widget_type=\"text-editor.default\">\n\t\t\t\t\t\t\t\t\t<p>S\u00e9r\u00e9nit\u00e9 absolue, services d&rsquo;exception : de la gestion locative \u00e0 la maintenance, tout est orchestr\u00e9 avec soin.<\/p>\t\t\t\t\t\t\t\t<\/div>\n\t\t\t\t\t<\/div>\n\t\t\t\t<\/div>\n\t\t<div class=\"elementor-element elementor-element-14af73b e-flex e-con-boxed e-con e-parent\" data-id=\"14af73b\" data-element_type=\"container\" data-e-type=\"container\">\n\t\t\t\t\t<div class=\"e-con-inner\">\n\t\t<div class=\"elementor-element elementor-element-b0c1e8d e-con-full e-flex e-con e-child\" data-id=\"b0c1e8d\" data-element_type=\"container\" data-e-type=\"container\" data-settings=\"{&quot;background_background&quot;:&quot;gradient&quot;}\">\n\t\t\t\t<div class=\"elementor-element elementor-element-a815d44 elementor-widget elementor-widget-heading\" data-id=\"a815d44\" data-element_type=\"widget\" data-e-type=\"widget\" data-widget_type=\"heading.default\">\n\t\t\t\t\t<h2 class=\"elementor-heading-title elementor-size-default\">Sur terre comme en mer<\/h2>\t\t\t\t<\/div>\n\t\t\t\t<div class=\"elementor-element elementor-element-545346b elementor-widget elementor-widget-text-editor\" data-id=\"545346b\" data-element_type=\"widget\" data-e-type=\"widget\" data-widget_type=\"text-editor.default\">\n\t\t\t\t\t\t\t\t\t<p>\u00a0<\/p><p>Notre mission est double: offrir une <strong>gestion locative cl\u00e9 en main<\/strong> pour vos propri\u00e9t\u00e9s et vos unit\u00e9s nautiques, tout en assurant une <strong>intendance rigoureuse <\/strong>de vos biens \u00e0 l&rsquo;ann\u00e9e. Que vous soyez loin ou chez vous, nous veillons sur votre patrimoine pour que vous n&rsquo;en gardiez que le plaisir.<\/p><p>Que vous soyez propri\u00e9taire d&rsquo;une r\u00e9sidence de standing, d&rsquo;un appartement de charme ou d&rsquo;un navire de plaisance, nous mettons notre expertise au service de votre rentabilit\u00e9 et de votre tranquillit\u00e9 d&rsquo;esprit.<\/p>\t\t\t\t\t\t\t\t<\/div>\n\t\t\t\t<\/div>\n\t\t\t\t<div class=\"elementor-element elementor-element-0432ad4 elementor-widget__width-initial elementor-widget elementor-widget-image\" data-id=\"0432ad4\" data-element_type=\"widget\" data-e-type=\"widget\" data-widget_type=\"image.default\">\n\t\t\t\t\t\t\t\t\t\t\t\t\t\t\t<img fetchpriority=\"high\" decoding=\"async\" width=\"1170\" height=\"770\" src=\"https:\/\/adauraserenity-conciergerie.com\/wp-content\/uploads\/2026\/04\/Photo-cote-d-azur-accueil.webp\" class=\"attachment-full size-full wp-image-2329\" alt=\"\" srcset=\"https:\/\/adauraserenity-conciergerie.com\/wp-content\/uploads\/2026\/04\/Photo-cote-d-azur-accueil.webp 1170w, https:\/\/adauraserenity-conciergerie.com\/wp-content\/uploads\/2026\/04\/Photo-cote-d-azur-accueil-300x197.webp 300w, https:\/\/adauraserenity-conciergerie.com\/wp-content\/uploads\/2026\/04\/Photo-cote-d-azur-accueil-1024x674.webp 1024w, https:\/\/adauraserenity-conciergerie.com\/wp-content\/uploads\/2026\/04\/Photo-cote-d-azur-accueil-768x505.webp 768w\" sizes=\"(max-width: 1170px) 100vw, 1170px\" \/>\t\t\t\t\t\t\t\t\t\t\t\t\t\t\t<\/div>\n\t\t\t\t<div class=\"elementor-element elementor-element-e1d891a elementor-widget elementor-widget-text-editor\" data-id=\"e1d891a\" data-element_type=\"widget\" data-e-type=\"widget\" data-widget_type=\"text-editor.default\">\n\t\t\t\t\t\t\t\t\t<p><b>La Riviera, du Littoral aux Collines<\/b><\/p><p>Notre projet s\u2019inscrit au c\u0153ur de la <b>C\u00f4te d\u2019Azur<\/b>, sur les secteurs les plus prestigieux entre mer et montagnes. Nous avons pour ambition de rayonner principalement sur le littoral, de la rade de <b>Villefranche-sur-Mer<\/b> \u00e0 <b>Antibes<\/b>, en passant par <b>Nice<\/b>, <b>\u00c8ze<\/b>, <b>Saint-Laurent-du-Var<\/b> et <b>Cagnes-sur-Mer<\/b>.<\/p><p><b>L&rsquo;Art de Vivre Azur\u00e9en<\/b><\/p><p>Nous visons \u00e0 offrir le meilleur de la Riviera \u00e0 travers deux ambiances uniques :<\/p><p>\u2022 <b>C\u00f4t\u00e9 Mer :<\/b> Le bleu azur et l&rsquo;animation des cit\u00e9s baln\u00e9aires embl\u00e9matiques.<\/p><p>\u2022 <b>C\u00f4t\u00e9 Hauteurs :<\/b> Le calme des villages perch\u00e9s, comme le prestigieux <b>Saint-Paul-de-Vence<\/b>, o\u00f9 le charme des vieilles pierres rencontre des panoramas exceptionnels.<\/p><p><b>Une Exp\u00e9rience Insolite : Dormir \u00e0 bord<\/b><\/p><p>Parce que l&rsquo;exp\u00e9rience azur\u00e9enne se vit aussi au rythme de l&rsquo;eau, nous d\u00e9veloppons une offre de <b>location saisonni\u00e8re de bateaux \u00e0 quai<\/b>.<\/p><p>Que ce soit au c\u0153ur du mythique <b>Port de Monaco<\/b> ou de celui d\u2019<b>Antibes<\/b>, nous souhaitons offrir \u00e0 nos clients le privil\u00e8ge de s\u00e9journer \u00e0 bord de navires d&rsquo;exception sans quitter le port. C&rsquo;est une invitation \u00e0 d\u00e9couvrir la vie de plaisancier sous un nouvel angle : profiter du confort d&rsquo;une cabine luxueuse, admirer le coucher de soleil depuis le pont et savourer l&rsquo;ambiance unique des ports de renomm\u00e9e mondiale, les pieds dans l&rsquo;eau.<\/p>\t\t\t\t\t\t\t\t<\/div>\n\t\t\t\t<div class=\"elementor-element elementor-element-b1651f6 elementor-widget__width-initial elementor-widget elementor-widget-image\" data-id=\"b1651f6\" data-element_type=\"widget\" data-e-type=\"widget\" data-widget_type=\"image.default\">\n\t\t\t\t\t\t\t\t\t\t\t\t\t\t\t<img decoding=\"async\" src=\"https:\/\/adauraserenity-conciergerie.com\/wp-content\/uploads\/2026\/04\/Bateau-Aura-Serenity.webp\" title=\"Bateau Aura Serenity\" alt=\"Bateau Aura Serenity\" loading=\"lazy\" \/>\t\t\t\t\t\t\t\t\t\t\t\t\t\t\t<\/div>\n\t\t\t\t<div class=\"elementor-element elementor-element-90aad55 elementor-widget-mobile__width-initial elementor-widget elementor-widget-text-editor\" data-id=\"90aad55\" data-element_type=\"widget\" data-e-type=\"widget\" data-settings=\"{&quot;motion_fx_motion_fx_scrolling&quot;:&quot;yes&quot;,&quot;motion_fx_scale_effect&quot;:&quot;yes&quot;,&quot;motion_fx_scale_direction&quot;:&quot;in-out-in&quot;,&quot;motion_fx_scale_range&quot;:{&quot;unit&quot;:&quot;%&quot;,&quot;size&quot;:&quot;&quot;,&quot;sizes&quot;:{&quot;start&quot;:34,&quot;end&quot;:71}},&quot;motion_fx_motion_fx_mouse&quot;:&quot;yes&quot;,&quot;motion_fx_scale_speed&quot;:{&quot;unit&quot;:&quot;px&quot;,&quot;size&quot;:4,&quot;sizes&quot;:[]},&quot;motion_fx_devices&quot;:[&quot;desktop&quot;,&quot;tablet&quot;,&quot;mobile&quot;]}\" data-widget_type=\"text-editor.default\">\n\t\t\t\t\t\t\t\t\t<p><em>Avec AD Aura Serenity &amp; Co, <\/em><\/p><p><em>profitez d une gestion sereine et d&rsquo;une rentabilit\u00e9 optimis\u00e9e sans contrainte.<\/em><\/p>\t\t\t\t\t\t\t\t<\/div>\n\t\t\t\t\t<\/div>\n\t\t\t\t<\/div>\n\t\t\t\t<\/div>\n\t\t","protected":false},"excerpt":{"rendered":"<p>AD Aura Serenity &amp; Co, l&rsquo;excellence au service de votre s\u00e9r\u00e9nit\u00e9 Dans l\u2019\u00e9l\u00e9gance intemporelle de la C\u00f4te d\u2019Azur, o\u00f9 chaque d\u00e9tail compte et o\u00f9 l\u2019exigence devient un art de vivre, AD Aura Serenity &amp; Co est n\u00e9e d\u2019une vision : offrir bien plus qu\u2019un service, cr\u00e9er une exp\u00e9rience d\u2019exception. \u00a0 Pens\u00e9e pour les propri\u00e9taires exigeants [&hellip;]<\/p>\n","protected":false},"author":1,"featured_media":0,"parent":0,"menu_order":0,"comment_status":"closed","ping_status":"closed","template":"elementor_header_footer","meta":{"_uag_custom_page_level_css":"","footnotes":""},"class_list":["post-2065","page","type-page","status-publish","hentry"],"_hostinger_reach_plugin_has_subscription_block":false,"_hostinger_reach_plugin_is_elementor":false,"uagb_featured_image_src":{"full":false,"thumbnail":false,"medium":false,"medium_large":false,"large":false,"1536x1536":false,"2048x2048":false,"trp-custom-language-flag":false},"uagb_author_info":{"display_name":"AD Aura Serenity &amp; Co","author_link":"https:\/\/adauraserenity-conciergerie.com\/en\/author\/dorsy-mattgmail-com\/"},"uagb_comment_info":0,"uagb_excerpt":"AD Aura Serenity &amp; Co, l&rsquo;excellence au service de votre s\u00e9r\u00e9nit\u00e9 Dans l\u2019\u00e9l\u00e9gance intemporelle de la C\u00f4te d\u2019Azur, o\u00f9 chaque d\u00e9tail compte et o\u00f9 l\u2019exigence devient un art de vivre, AD Aura Serenity &amp; Co est n\u00e9e d\u2019une vision : offrir bien plus qu\u2019un service, cr\u00e9er une exp\u00e9rience d\u2019exception. \u00a0 Pens\u00e9e pour les propri\u00e9taires exigeants&hellip;","_links":{"self":[{"href":"https:\/\/adauraserenity-conciergerie.com\/en\/wp-json\/wp\/v2\/pages\/2065","targetHints":{"allow":["GET"]}}],"collection":[{"href":"https:\/\/adauraserenity-conciergerie.com\/en\/wp-json\/wp\/v2\/pages"}],"about":[{"href":"https:\/\/adauraserenity-conciergerie.com\/en\/wp-json\/wp\/v2\/types\/page"}],"author":[{"embeddable":true,"href":"https:\/\/adauraserenity-conciergerie.com\/en\/wp-json\/wp\/v2\/users\/1"}],"replies":[{"embeddable":true,"href":"https:\/\/adauraserenity-conciergerie.com\/en\/wp-json\/wp\/v2\/comments?post=2065"}],"version-history":[{"count":130,"href":"https:\/\/adauraserenity-conciergerie.com\/en\/wp-json\/wp\/v2\/pages\/2065\/revisions"}],"predecessor-version":[{"id":2819,"href":"https:\/\/adauraserenity-conciergerie.com\/en\/wp-json\/wp\/v2\/pages\/2065\/revisions\/2819"}],"wp:attachment":[{"href":"https:\/\/adauraserenity-conciergerie.com\/en\/wp-json\/wp\/v2\/media?parent=2065"}],"curies":[{"name":"wp","href":"https:\/\/api.w.org\/{rel}","templated":true}]}}