{"id":2135,"date":"2026-04-14T09:48:45","date_gmt":"2026-04-14T08:48:45","guid":{"rendered":"https:\/\/adauraserenity-conciergerie.com\/?page_id=2135"},"modified":"2026-04-15T15:48:47","modified_gmt":"2026-04-15T14:48:47","slug":"conciergerie-location-courte-duree","status":"publish","type":"page","link":"https:\/\/adauraserenity-conciergerie.com\/en\/services-premium\/conciergerie-location-courte-duree\/","title":{"rendered":"CONCIERGERIE LOCATION COURTE DUR\u00c9E"},"content":{"rendered":"\t\t<div data-elementor-type=\"wp-page\" data-elementor-id=\"2135\" class=\"elementor elementor-2135\" data-elementor-post-type=\"page\">\n\t\t\t\t<div class=\"elementor-element elementor-element-87d2f82 e-con-full e-flex e-con e-parent\" data-id=\"87d2f82\" data-element_type=\"container\" data-e-type=\"container\" data-settings=\"{&quot;background_background&quot;:&quot;classic&quot;}\">\n\t\t\t\t<div class=\"elementor-element elementor-element-f28c8bd elementor-widget elementor-widget-heading\" data-id=\"f28c8bd\" data-element_type=\"widget\" data-e-type=\"widget\" data-widget_type=\"heading.default\">\n\t\t\t\t\t<h2 class=\"elementor-heading-title elementor-size-default\">LOCATION SAISONNIERE<\/h2>\t\t\t\t<\/div>\n\t\t\t\t<div class=\"elementor-element elementor-element-7dcbb43 elementor-widget elementor-widget-image\" data-id=\"7dcbb43\" data-element_type=\"widget\" data-e-type=\"widget\" data-widget_type=\"image.default\">\n\t\t\t\t\t\t\t\t\t\t\t\t\t\t\t<img fetchpriority=\"high\" decoding=\"async\" width=\"1048\" height=\"535\" src=\"https:\/\/adauraserenity-conciergerie.com\/wp-content\/uploads\/2026\/03\/image-rentabilite-loca.webp\" class=\"attachment-2048x2048 size-2048x2048 wp-image-2145\" alt=\"\" srcset=\"https:\/\/adauraserenity-conciergerie.com\/wp-content\/uploads\/2026\/03\/image-rentabilite-loca.webp 1048w, https:\/\/adauraserenity-conciergerie.com\/wp-content\/uploads\/2026\/03\/image-rentabilite-loca-300x153.webp 300w, https:\/\/adauraserenity-conciergerie.com\/wp-content\/uploads\/2026\/03\/image-rentabilite-loca-1024x523.webp 1024w, https:\/\/adauraserenity-conciergerie.com\/wp-content\/uploads\/2026\/03\/image-rentabilite-loca-768x392.webp 768w\" sizes=\"(max-width: 1048px) 100vw, 1048px\" \/>\t\t\t\t\t\t\t\t\t\t\t\t\t\t\t<\/div>\n\t\t\t\t<div class=\"elementor-element elementor-element-9a57423 elementor-widget__width-initial elementor-widget elementor-widget-text-editor\" data-id=\"9a57423\" data-element_type=\"widget\" data-e-type=\"widget\" data-widget_type=\"text-editor.default\">\n\t\t\t\t\t\t\t\t\t<p>Notre objectif est simple: <strong>maximiser les revenus<\/strong> de votre bien tout en garantissant une <strong>gestion fluide et performante<\/strong>. Nous analysons le march\u00e9, la demande local, les \u00e9v\u00e9nements, la saisonnalit\u00e9 et les prix pratiqu\u00e9s par la concurrence afin d&rsquo;adapter la strat\u00e9gie de location de votre logement.<\/p><p>Cette approche nous permet d&rsquo;ajuster les tarifs de mani\u00e8re intelligente et d&rsquo;optimiser la visibilit\u00e9 de votre annonce pour attirer d&rsquo;avantage de voyageurs.<\/p><p>\u00a0<strong>Votre bien reste comp\u00e9titif sur le march\u00e9 et g\u00e9n\u00e8re plus de r\u00e9servation tout au long de l&rsquo;ann\u00e9e.<\/strong><\/p>\t\t\t\t\t\t\t\t<\/div>\n\t\t\t\t<div class=\"elementor-element elementor-element-b017fe2 elementor-widget-tablet__width-initial elementor-widget elementor-widget-text-editor\" data-id=\"b017fe2\" data-element_type=\"widget\" data-e-type=\"widget\" data-settings=\"{&quot;motion_fx_motion_fx_scrolling&quot;:&quot;yes&quot;,&quot;motion_fx_scale_effect&quot;:&quot;yes&quot;,&quot;motion_fx_scale_speed&quot;:{&quot;unit&quot;:&quot;px&quot;,&quot;size&quot;:5,&quot;sizes&quot;:[]},&quot;motion_fx_scale_direction&quot;:&quot;out-in&quot;,&quot;motion_fx_scale_range&quot;:{&quot;unit&quot;:&quot;%&quot;,&quot;size&quot;:&quot;&quot;,&quot;sizes&quot;:{&quot;start&quot;:20,&quot;end&quot;:80}},&quot;motion_fx_devices&quot;:[&quot;desktop&quot;,&quot;tablet&quot;,&quot;mobile&quot;]}\" data-widget_type=\"text-editor.default\">\n\t\t\t\t\t\t\t\t\t<p><em><strong>Votre rentabilit\u00e9<\/strong> <strong>est optimis\u00e9<\/strong> gr\u00e2ce a notre gestion des prix et a notre optimisation du taux de remplissage.<\/em><\/p>\t\t\t\t\t\t\t\t<\/div>\n\t\t\t\t<div class=\"elementor-element elementor-element-17d1d87 elementor-widget-divider--view-line_icon elementor-view-default elementor-widget-divider--element-align-center elementor-widget elementor-widget-divider\" data-id=\"17d1d87\" data-element_type=\"widget\" data-e-type=\"widget\" data-widget_type=\"divider.default\">\n\t\t\t\t\t\t\t<div class=\"elementor-divider\">\n\t\t\t<span class=\"elementor-divider-separator\">\n\t\t\t\t\t\t\t<div class=\"elementor-icon elementor-divider__element\">\n\t\t\t\t\t<svg aria-hidden=\"true\" class=\"e-font-icon-svg e-fas-star\" viewBox=\"0 0 576 512\" xmlns=\"http:\/\/www.w3.org\/2000\/svg\"><path d=\"M259.3 17.8L194 150.2 47.9 171.5c-26.2 3.8-36.7 36.1-17.7 54.6l105.7 103-25 145.5c-4.5 26.3 23.2 46 46.4 33.7L288 439.6l130.7 68.7c23.2 12.2 50.9-7.4 46.4-33.7l-25-145.5 105.7-103c19-18.5 8.5-50.8-17.7-54.6L382 150.2 316.7 17.8c-11.7-23.6-45.6-23.9-57.4 0z\"><\/path><\/svg><\/div>\n\t\t\t\t\t\t<\/span>\n\t\t<\/div>\n\t\t\t\t\t\t<\/div>\n\t\t\t\t<div class=\"elementor-element elementor-element-386d867 elementor-widget elementor-widget-text-editor\" data-id=\"386d867\" data-element_type=\"widget\" data-e-type=\"widget\" data-widget_type=\"text-editor.default\">\n\t\t\t\t\t\t\t\t\t<p>Grace \u00e0 <strong>notre service de homestaging<\/strong> et \u00e0 nos <strong>photographies professionnelles<\/strong>, votre logement est mis en valeur afin de capter imm\u00e9diatement l&rsquo;attention des voyageurs. Notre <strong>description claire, attractive<\/strong> qui s&rsquo;adapte parfaitement aux atouts de votre bien, pr\u00e9sente votre logement sous son meilleur jour.<\/p><p>Chaque d\u00e9tail de l&rsquo;annonce est pens\u00e9 pour s\u00e9duire et rassurer les voyageurs: visuel soign\u00e9, texte percutant et pr\u00e9sentation professionnel. Votre annonce est diffus\u00e9e sur les principales plateformes de location saisonni\u00e8re, ainsi que sur notre site, ce qui lui offre une <strong>visibilit\u00e9 maximale<\/strong> aupr\u00e8s des voyageurs.<\/p>\t\t\t\t\t\t\t\t<\/div>\n\t\t\t\t<div class=\"elementor-element elementor-element-2a2d07f elementor-widget-tablet__width-initial elementor-widget elementor-widget-text-editor\" data-id=\"2a2d07f\" data-element_type=\"widget\" data-e-type=\"widget\" data-settings=\"{&quot;motion_fx_motion_fx_scrolling&quot;:&quot;yes&quot;,&quot;motion_fx_scale_effect&quot;:&quot;yes&quot;,&quot;motion_fx_scale_speed&quot;:{&quot;unit&quot;:&quot;px&quot;,&quot;size&quot;:6,&quot;sizes&quot;:[]},&quot;motion_fx_scale_range&quot;:{&quot;unit&quot;:&quot;%&quot;,&quot;size&quot;:&quot;&quot;,&quot;sizes&quot;:{&quot;start&quot;:42,&quot;end&quot;:81}},&quot;motion_fx_scale_direction&quot;:&quot;out-in&quot;,&quot;motion_fx_devices&quot;:[&quot;desktop&quot;,&quot;tablet&quot;,&quot;mobile&quot;]}\" data-widget_type=\"text-editor.default\">\n\t\t\t\t\t\t\t\t\t<p><strong>Votre annonce se d\u00e9marque<\/strong> ainsi par son s\u00e9rieux, son \u00e9l\u00e9gance et son attractivit\u00e9, ce qui <strong>favorise davantage<\/strong> de clics et <strong>de r\u00e9servations<\/strong>.<\/p>\t\t\t\t\t\t\t\t<\/div>\n\t\t\t\t<div class=\"elementor-element elementor-element-eea6888 elementor-widget-divider--view-line_icon elementor-view-default elementor-widget-divider--element-align-center elementor-widget elementor-widget-divider\" data-id=\"eea6888\" data-element_type=\"widget\" data-e-type=\"widget\" data-widget_type=\"divider.default\">\n\t\t\t\t\t\t\t<div class=\"elementor-divider\">\n\t\t\t<span class=\"elementor-divider-separator\">\n\t\t\t\t\t\t\t<div class=\"elementor-icon elementor-divider__element\">\n\t\t\t\t\t<svg aria-hidden=\"true\" class=\"e-font-icon-svg e-fas-star\" viewBox=\"0 0 576 512\" xmlns=\"http:\/\/www.w3.org\/2000\/svg\"><path d=\"M259.3 17.8L194 150.2 47.9 171.5c-26.2 3.8-36.7 36.1-17.7 54.6l105.7 103-25 145.5c-4.5 26.3 23.2 46 46.4 33.7L288 439.6l130.7 68.7c23.2 12.2 50.9-7.4 46.4-33.7l-25-145.5 105.7-103c19-18.5 8.5-50.8-17.7-54.6L382 150.2 316.7 17.8c-11.7-23.6-45.6-23.9-57.4 0z\"><\/path><\/svg><\/div>\n\t\t\t\t\t\t<\/span>\n\t\t<\/div>\n\t\t\t\t\t\t<\/div>\n\t\t\t\t<div class=\"elementor-element elementor-element-dbbee30 elementor-widget elementor-widget-text-editor\" data-id=\"dbbee30\" data-element_type=\"widget\" data-e-type=\"widget\" data-widget_type=\"text-editor.default\">\n\t\t\t\t\t\t\t\t\t<p>Nous assurons un <strong>m\u00e9nage complet et minutieux<\/strong> apr\u00e8s chaque s\u00e9jour, r\u00e9alis\u00e9 par des intervenants qualifi\u00e9s, pour que chaque d\u00e9tail de votre logement soit impeccable. Une prise en charge <strong>professionnelle de votre <\/strong>linge de maison vous garantit fra\u00eecheur, hygi\u00e8ne et qualit\u00e9 pour chaque nouveau s\u00e9jour.<\/p>\t\t\t\t\t\t\t\t<\/div>\n\t\t\t\t<div class=\"elementor-element elementor-element-3ed22f9 elementor-widget-mobile__width-initial elementor-widget-tablet__width-initial elementor-widget elementor-widget-text-editor\" data-id=\"3ed22f9\" data-element_type=\"widget\" data-e-type=\"widget\" data-settings=\"{&quot;motion_fx_motion_fx_scrolling&quot;:&quot;yes&quot;,&quot;motion_fx_scale_effect&quot;:&quot;yes&quot;,&quot;motion_fx_scale_direction&quot;:&quot;out-in&quot;,&quot;motion_fx_scale_speed&quot;:{&quot;unit&quot;:&quot;px&quot;,&quot;size&quot;:4,&quot;sizes&quot;:[]},&quot;motion_fx_scale_range&quot;:{&quot;unit&quot;:&quot;%&quot;,&quot;size&quot;:&quot;&quot;,&quot;sizes&quot;:{&quot;start&quot;:20,&quot;end&quot;:80}},&quot;motion_fx_devices&quot;:[&quot;desktop&quot;,&quot;tablet&quot;,&quot;mobile&quot;]}\" data-widget_type=\"text-editor.default\">\n\t\t\t\t\t\t\t\t\t<p><strong>La propret\u00e9 est essentielle<\/strong> pour garantir une <strong>excellente exp\u00e9rience<\/strong> aux voyageurs et obtenir des <strong>avis positifs.<\/strong><\/p>\t\t\t\t\t\t\t\t<\/div>\n\t\t\t\t<div class=\"elementor-element elementor-element-827fac0 elementor-widget-divider--view-line_icon elementor-view-default elementor-widget-divider--element-align-center elementor-widget elementor-widget-divider\" data-id=\"827fac0\" data-element_type=\"widget\" data-e-type=\"widget\" data-widget_type=\"divider.default\">\n\t\t\t\t\t\t\t<div class=\"elementor-divider\">\n\t\t\t<span class=\"elementor-divider-separator\">\n\t\t\t\t\t\t\t<div class=\"elementor-icon elementor-divider__element\">\n\t\t\t\t\t<svg aria-hidden=\"true\" class=\"e-font-icon-svg e-fas-star\" viewBox=\"0 0 576 512\" xmlns=\"http:\/\/www.w3.org\/2000\/svg\"><path d=\"M259.3 17.8L194 150.2 47.9 171.5c-26.2 3.8-36.7 36.1-17.7 54.6l105.7 103-25 145.5c-4.5 26.3 23.2 46 46.4 33.7L288 439.6l130.7 68.7c23.2 12.2 50.9-7.4 46.4-33.7l-25-145.5 105.7-103c19-18.5 8.5-50.8-17.7-54.6L382 150.2 316.7 17.8c-11.7-23.6-45.6-23.9-57.4 0z\"><\/path><\/svg><\/div>\n\t\t\t\t\t\t<\/span>\n\t\t<\/div>\n\t\t\t\t\t\t<\/div>\n\t\t\t\t<div class=\"elementor-element elementor-element-6f1bef6 elementor-widget elementor-widget-text-editor\" data-id=\"6f1bef6\" data-element_type=\"widget\" data-e-type=\"widget\" data-widget_type=\"text-editor.default\">\n\t\t\t\t\t\t\t\t\t<p>Nous veillons \u00e0 ce que votre logement soit <strong>toujours en \u00a0parfait \u00e9tat<\/strong> <strong>\u00a0et pr\u00eat \u00e0 accueillir les voyageurs<\/strong>. Apr\u00e8s chaque s\u00e9jour, nous effectuons un contr\u00f4le du logement afin de nous assurer que tous les \u00e9quipements fonctionnent correctement et que rien ne manque.<\/p><p>En cas de besoin, <strong>nous intervenons rapidement<\/strong> pour <strong>g\u00e9rer les petites r\u00e9parations, l&rsquo;entretien courant et le suivi du logement<\/strong>. Si une intervention plus importante est n\u00e9cessaire, nous coordonnons les professionnels adapt\u00e9s afin de garantir une remise en \u00e9tat rapide et efficace<\/p>\t\t\t\t\t\t\t\t<\/div>\n\t\t\t\t<div class=\"elementor-element elementor-element-8244c57 elementor-widget-mobile__width-initial elementor-widget__width-initial elementor-widget elementor-widget-text-editor\" data-id=\"8244c57\" data-element_type=\"widget\" data-e-type=\"widget\" data-settings=\"{&quot;motion_fx_motion_fx_scrolling&quot;:&quot;yes&quot;,&quot;motion_fx_scale_effect&quot;:&quot;yes&quot;,&quot;motion_fx_scale_speed&quot;:{&quot;unit&quot;:&quot;px&quot;,&quot;size&quot;:6,&quot;sizes&quot;:[]},&quot;motion_fx_scale_range&quot;:{&quot;unit&quot;:&quot;%&quot;,&quot;size&quot;:&quot;&quot;,&quot;sizes&quot;:{&quot;start&quot;:46,&quot;end&quot;:93}},&quot;motion_fx_scale_direction&quot;:&quot;out-in&quot;,&quot;motion_fx_devices&quot;:[&quot;desktop&quot;,&quot;tablet&quot;,&quot;mobile&quot;]}\" data-widget_type=\"text-editor.default\">\n\t\t\t\t\t\t\t\t\t<p>Grace \u00e0 ce <strong>suivi rigoureux<\/strong>, votre bien reste fonctionnel, soign\u00e9 et conforme aux attentes des voyageurs, ce qui contribue \u00e0 <strong>maintenir des avis positifs<\/strong> et la qualit\u00e9 de votre location.<\/p>\t\t\t\t\t\t\t\t<\/div>\n\t\t\t\t<div class=\"elementor-element elementor-element-f50b50f elementor-widget-divider--view-line_icon elementor-view-default elementor-widget-divider--element-align-center elementor-widget elementor-widget-divider\" data-id=\"f50b50f\" data-element_type=\"widget\" data-e-type=\"widget\" data-widget_type=\"divider.default\">\n\t\t\t\t\t\t\t<div class=\"elementor-divider\">\n\t\t\t<span class=\"elementor-divider-separator\">\n\t\t\t\t\t\t\t<div class=\"elementor-icon elementor-divider__element\">\n\t\t\t\t\t<svg aria-hidden=\"true\" class=\"e-font-icon-svg e-fas-star\" viewBox=\"0 0 576 512\" xmlns=\"http:\/\/www.w3.org\/2000\/svg\"><path d=\"M259.3 17.8L194 150.2 47.9 171.5c-26.2 3.8-36.7 36.1-17.7 54.6l105.7 103-25 145.5c-4.5 26.3 23.2 46 46.4 33.7L288 439.6l130.7 68.7c23.2 12.2 50.9-7.4 46.4-33.7l-25-145.5 105.7-103c19-18.5 8.5-50.8-17.7-54.6L382 150.2 316.7 17.8c-11.7-23.6-45.6-23.9-57.4 0z\"><\/path><\/svg><\/div>\n\t\t\t\t\t\t<\/span>\n\t\t<\/div>\n\t\t\t\t\t\t<\/div>\n\t\t\t\t<div class=\"elementor-element elementor-element-b4d5ede elementor-widget-mobile__width-initial elementor-widget elementor-widget-image\" data-id=\"b4d5ede\" data-element_type=\"widget\" data-e-type=\"widget\" data-widget_type=\"image.default\">\n\t\t\t\t\t\t\t\t\t\t\t\t\t\t\t<img decoding=\"async\" width=\"800\" height=\"491\" src=\"https:\/\/adauraserenity-conciergerie.com\/wp-content\/uploads\/2026\/03\/image-linge-brode-conciergerie-1024x628.webp\" class=\"attachment-large size-large wp-image-2150\" alt=\"\" srcset=\"https:\/\/adauraserenity-conciergerie.com\/wp-content\/uploads\/2026\/03\/image-linge-brode-conciergerie-1024x628.webp 1024w, https:\/\/adauraserenity-conciergerie.com\/wp-content\/uploads\/2026\/03\/image-linge-brode-conciergerie-300x184.webp 300w, https:\/\/adauraserenity-conciergerie.com\/wp-content\/uploads\/2026\/03\/image-linge-brode-conciergerie-768x471.webp 768w, https:\/\/adauraserenity-conciergerie.com\/wp-content\/uploads\/2026\/03\/image-linge-brode-conciergerie.webp 1170w\" sizes=\"(max-width: 800px) 100vw, 800px\" \/>\t\t\t\t\t\t\t\t\t\t\t\t\t\t\t<\/div>\n\t\t\t\t<div class=\"elementor-element elementor-element-34802d3 elementor-widget elementor-widget-text-editor\" data-id=\"34802d3\" data-element_type=\"widget\" data-e-type=\"widget\" data-widget_type=\"text-editor.default\">\n\t\t\t\t\t\t\t\t\t<p>Offrir \u00e0 vos voyageurs une <strong>exp\u00e9rience haut de gamme<\/strong> avec notre <strong>linge brod\u00e9 a l&rsquo;effigie de la conciergerie<\/strong>. Vous n&rsquo;avez rien a g\u00e9rer, nous nous occupons du nettoyage, du repassage.<\/p>\t\t\t\t\t\t\t\t<\/div>\n\t\t\t\t<div class=\"elementor-element elementor-element-d223fe8 elementor-widget-mobile__width-initial elementor-widget elementor-widget-text-editor\" data-id=\"d223fe8\" data-element_type=\"widget\" data-e-type=\"widget\" data-settings=\"{&quot;motion_fx_motion_fx_scrolling&quot;:&quot;yes&quot;,&quot;motion_fx_scale_effect&quot;:&quot;yes&quot;,&quot;motion_fx_scale_range&quot;:{&quot;unit&quot;:&quot;%&quot;,&quot;size&quot;:&quot;&quot;,&quot;sizes&quot;:{&quot;start&quot;:62,&quot;end&quot;:100}},&quot;motion_fx_scale_direction&quot;:&quot;out-in&quot;,&quot;motion_fx_scale_speed&quot;:{&quot;unit&quot;:&quot;px&quot;,&quot;size&quot;:4,&quot;sizes&quot;:[]},&quot;motion_fx_devices&quot;:[&quot;desktop&quot;,&quot;tablet&quot;,&quot;mobile&quot;]}\" data-widget_type=\"text-editor.default\">\n\t\t\t\t\t\t\t\t\t<p><strong>Un logement toujours impeccable, uniforme et \u00e9l\u00e9gant<\/strong>, qui <strong>refl\u00e8te le s\u00e9rieux<\/strong> de votre location et <strong>maximise la satisfaction<\/strong> des voyageurs.<\/p>\t\t\t\t\t\t\t\t<\/div>\n\t\t\t\t<div class=\"elementor-element elementor-element-a7173a0 elementor-widget-divider--view-line_icon elementor-view-default elementor-widget-divider--element-align-center elementor-widget elementor-widget-divider\" data-id=\"a7173a0\" data-element_type=\"widget\" data-e-type=\"widget\" data-widget_type=\"divider.default\">\n\t\t\t\t\t\t\t<div class=\"elementor-divider\">\n\t\t\t<span class=\"elementor-divider-separator\">\n\t\t\t\t\t\t\t<div class=\"elementor-icon elementor-divider__element\">\n\t\t\t\t\t<svg aria-hidden=\"true\" class=\"e-font-icon-svg e-fas-star\" viewBox=\"0 0 576 512\" xmlns=\"http:\/\/www.w3.org\/2000\/svg\"><path d=\"M259.3 17.8L194 150.2 47.9 171.5c-26.2 3.8-36.7 36.1-17.7 54.6l105.7 103-25 145.5c-4.5 26.3 23.2 46 46.4 33.7L288 439.6l130.7 68.7c23.2 12.2 50.9-7.4 46.4-33.7l-25-145.5 105.7-103c19-18.5 8.5-50.8-17.7-54.6L382 150.2 316.7 17.8c-11.7-23.6-45.6-23.9-57.4 0z\"><\/path><\/svg><\/div>\n\t\t\t\t\t\t<\/span>\n\t\t<\/div>\n\t\t\t\t\t\t<\/div>\n\t\t\t\t<div class=\"elementor-element elementor-element-f258383 elementor-widget elementor-widget-text-editor\" data-id=\"f258383\" data-element_type=\"widget\" data-e-type=\"widget\" data-widget_type=\"text-editor.default\">\n\t\t\t\t\t\t\t\t\t<p>Nous mettons \u00e0 <strong>disposition tous les consommables essentiels<\/strong> pour vos voyageurs. Chaque d\u00e9tail est pens\u00e9 pour <strong>assurer confort et satisfaction d\u00e8s l&rsquo;arriv\u00e9e.<\/strong><\/p>\t\t\t\t\t\t\t\t<\/div>\n\t\t\t\t<div class=\"elementor-element elementor-element-2c7d5b4 elementor-widget-divider--view-line_icon elementor-view-default elementor-widget-divider--element-align-center elementor-widget elementor-widget-divider\" data-id=\"2c7d5b4\" data-element_type=\"widget\" data-e-type=\"widget\" data-widget_type=\"divider.default\">\n\t\t\t\t\t\t\t<div class=\"elementor-divider\">\n\t\t\t<span class=\"elementor-divider-separator\">\n\t\t\t\t\t\t\t<div class=\"elementor-icon elementor-divider__element\">\n\t\t\t\t\t<svg aria-hidden=\"true\" class=\"e-font-icon-svg e-fas-star\" viewBox=\"0 0 576 512\" xmlns=\"http:\/\/www.w3.org\/2000\/svg\"><path d=\"M259.3 17.8L194 150.2 47.9 171.5c-26.2 3.8-36.7 36.1-17.7 54.6l105.7 103-25 145.5c-4.5 26.3 23.2 46 46.4 33.7L288 439.6l130.7 68.7c23.2 12.2 50.9-7.4 46.4-33.7l-25-145.5 105.7-103c19-18.5 8.5-50.8-17.7-54.6L382 150.2 316.7 17.8c-11.7-23.6-45.6-23.9-57.4 0z\"><\/path><\/svg><\/div>\n\t\t\t\t\t\t<\/span>\n\t\t<\/div>\n\t\t\t\t\t\t<\/div>\n\t\t\t\t<div class=\"elementor-element elementor-element-7ca6d0f elementor-widget elementor-widget-text-editor\" data-id=\"7ca6d0f\" data-element_type=\"widget\" data-e-type=\"widget\" data-widget_type=\"text-editor.default\">\n\t\t\t\t\t\t\t\t\t<p>Nous accueillons vos voyageurs avec un <strong>check-in physique chaleureux et personnalis\u00e9.<\/strong><\/p><p>Avant leur arriv\u00e9e, nous pr\u00e9parons le <strong>logement<\/strong> pour qu&rsquo;il soit <strong>confortable et accueillant <\/strong>: lumi\u00e8re, chauffage, climatisation r\u00e9gl\u00e9s&#8230; pour une <strong>ambiance agr\u00e9able<\/strong>.<\/p><p>Tout au long du s\u00e9jour, nous restons <strong>disponibles sur place ou en ligne<\/strong> pour r\u00e9pondre rapidement \u00e0 leurs besoins et garantir une <strong>exp\u00e9rience sereine et plaisante.<\/strong><\/p>\t\t\t\t\t\t\t\t<\/div>\n\t\t\t\t<div class=\"elementor-element elementor-element-b39dac3 elementor-widget elementor-widget-text-editor\" data-id=\"b39dac3\" data-element_type=\"widget\" data-e-type=\"widget\" data-widget_type=\"text-editor.default\">\n\t\t\t\t\t\t\t\t\t<p>Nous <strong>restons<\/strong> <strong>disponible<\/strong> et attentifs tout au long du s\u00e9jour pour <strong>rapidement<\/strong>, r\u00e9pondre aux questions, r\u00e9soudre les impr\u00e9vus et partager nos conseils afin que chaque voyageur vive une <strong>exp\u00e9rience agr\u00e9able et sans stress\u00a0<\/strong><\/p>\t\t\t\t\t\t\t\t<\/div>\n\t\t\t\t<div class=\"elementor-element elementor-element-cda0f2e elementor-widget-mobile__width-initial elementor-widget elementor-widget-text-editor\" data-id=\"cda0f2e\" data-element_type=\"widget\" data-e-type=\"widget\" data-settings=\"{&quot;motion_fx_motion_fx_scrolling&quot;:&quot;yes&quot;,&quot;motion_fx_scale_effect&quot;:&quot;yes&quot;,&quot;motion_fx_scale_range&quot;:{&quot;unit&quot;:&quot;%&quot;,&quot;size&quot;:&quot;&quot;,&quot;sizes&quot;:{&quot;start&quot;:34,&quot;end&quot;:89}},&quot;motion_fx_scale_direction&quot;:&quot;out-in&quot;,&quot;motion_fx_scale_speed&quot;:{&quot;unit&quot;:&quot;px&quot;,&quot;size&quot;:4,&quot;sizes&quot;:[]},&quot;motion_fx_devices&quot;:[&quot;desktop&quot;,&quot;tablet&quot;,&quot;mobile&quot;]}\" data-widget_type=\"text-editor.default\">\n\t\t\t\t\t\t\t\t\t<p>Un <strong>accueil chaleureux<\/strong> et une <strong>assistance rapide<\/strong>\u00a0pour garantir, a chaque s\u00e9jour, un <strong>voyageur satisfait.<\/strong><\/p>\t\t\t\t\t\t\t\t<\/div>\n\t\t\t\t<div class=\"elementor-element elementor-element-9f5614a elementor-widget-divider--view-line_icon elementor-view-default elementor-widget-divider--element-align-center elementor-widget elementor-widget-divider\" data-id=\"9f5614a\" data-element_type=\"widget\" data-e-type=\"widget\" data-widget_type=\"divider.default\">\n\t\t\t\t\t\t\t<div class=\"elementor-divider\">\n\t\t\t<span class=\"elementor-divider-separator\">\n\t\t\t\t\t\t\t<div class=\"elementor-icon elementor-divider__element\">\n\t\t\t\t\t<svg aria-hidden=\"true\" class=\"e-font-icon-svg e-fas-star\" viewBox=\"0 0 576 512\" xmlns=\"http:\/\/www.w3.org\/2000\/svg\"><path d=\"M259.3 17.8L194 150.2 47.9 171.5c-26.2 3.8-36.7 36.1-17.7 54.6l105.7 103-25 145.5c-4.5 26.3 23.2 46 46.4 33.7L288 439.6l130.7 68.7c23.2 12.2 50.9-7.4 46.4-33.7l-25-145.5 105.7-103c19-18.5 8.5-50.8-17.7-54.6L382 150.2 316.7 17.8c-11.7-23.6-45.6-23.9-57.4 0z\"><\/path><\/svg><\/div>\n\t\t\t\t\t\t<\/span>\n\t\t<\/div>\n\t\t\t\t\t\t<\/div>\n\t\t\t\t<\/div>\n\t\t\t\t<\/div>\n\t\t","protected":false},"excerpt":{"rendered":"<p>LOCATION SAISONNIERE Notre objectif est simple: maximiser les revenus de votre bien tout en garantissant une gestion fluide et performante. Nous analysons le march\u00e9, la demande local, les \u00e9v\u00e9nements, la saisonnalit\u00e9 et les prix pratiqu\u00e9s par la concurrence afin d&rsquo;adapter la strat\u00e9gie de location de votre logement. Cette approche nous permet d&rsquo;ajuster les tarifs de [&hellip;]<\/p>\n","protected":false},"author":1,"featured_media":0,"parent":2444,"menu_order":1,"comment_status":"closed","ping_status":"closed","template":"elementor_header_footer","meta":{"_uag_custom_page_level_css":"","footnotes":""},"class_list":["post-2135","page","type-page","status-publish","hentry"],"_hostinger_reach_plugin_has_subscription_block":false,"_hostinger_reach_plugin_is_elementor":false,"uagb_featured_image_src":{"full":false,"thumbnail":false,"medium":false,"medium_large":false,"large":false,"1536x1536":false,"2048x2048":false,"trp-custom-language-flag":false},"uagb_author_info":{"display_name":"AD Aura Serenity &amp; Co","author_link":"https:\/\/adauraserenity-conciergerie.com\/en\/author\/dorsy-mattgmail-com\/"},"uagb_comment_info":0,"uagb_excerpt":"LOCATION SAISONNIERE Notre objectif est simple: maximiser les revenus de votre bien tout en garantissant une gestion fluide et performante. Nous analysons le march\u00e9, la demande local, les \u00e9v\u00e9nements, la saisonnalit\u00e9 et les prix pratiqu\u00e9s par la concurrence afin d&rsquo;adapter la strat\u00e9gie de location de votre logement. Cette approche nous permet d&rsquo;ajuster les tarifs de&hellip;","_links":{"self":[{"href":"https:\/\/adauraserenity-conciergerie.com\/en\/wp-json\/wp\/v2\/pages\/2135","targetHints":{"allow":["GET"]}}],"collection":[{"href":"https:\/\/adauraserenity-conciergerie.com\/en\/wp-json\/wp\/v2\/pages"}],"about":[{"href":"https:\/\/adauraserenity-conciergerie.com\/en\/wp-json\/wp\/v2\/types\/page"}],"author":[{"embeddable":true,"href":"https:\/\/adauraserenity-conciergerie.com\/en\/wp-json\/wp\/v2\/users\/1"}],"replies":[{"embeddable":true,"href":"https:\/\/adauraserenity-conciergerie.com\/en\/wp-json\/wp\/v2\/comments?post=2135"}],"version-history":[{"count":81,"href":"https:\/\/adauraserenity-conciergerie.com\/en\/wp-json\/wp\/v2\/pages\/2135\/revisions"}],"predecessor-version":[{"id":2760,"href":"https:\/\/adauraserenity-conciergerie.com\/en\/wp-json\/wp\/v2\/pages\/2135\/revisions\/2760"}],"up":[{"embeddable":true,"href":"https:\/\/adauraserenity-conciergerie.com\/en\/wp-json\/wp\/v2\/pages\/2444"}],"wp:attachment":[{"href":"https:\/\/adauraserenity-conciergerie.com\/en\/wp-json\/wp\/v2\/media?parent=2135"}],"curies":[{"name":"wp","href":"https:\/\/api.w.org\/{rel}","templated":true}]}}