{"id":2163,"date":"2026-04-15T16:53:48","date_gmt":"2026-04-15T15:53:48","guid":{"rendered":"https:\/\/adauraserenity-conciergerie.com\/?page_id=2163"},"modified":"2026-04-15T20:24:20","modified_gmt":"2026-04-15T19:24:20","slug":"intendance","status":"publish","type":"page","link":"https:\/\/adauraserenity-conciergerie.com\/en\/services-premium\/intendance\/","title":{"rendered":"SERVICES INTENDANCE"},"content":{"rendered":"<div data-elementor-type=\"wp-page\" data-elementor-id=\"2163\" class=\"elementor elementor-2163\" data-elementor-post-type=\"page\">\n\t\t\t\t<div class=\"elementor-element elementor-element-fb0af96 e-flex e-con-boxed e-con e-parent\" data-id=\"fb0af96\" data-element_type=\"container\" data-e-type=\"container\" data-settings=\"{&quot;background_background&quot;:&quot;classic&quot;}\">\n\t\t\t\t\t<div class=\"e-con-inner\">\n\t\t\t\t<div class=\"elementor-element elementor-element-92361e9 elementor-widget elementor-widget-heading\" data-id=\"92361e9\" data-element_type=\"widget\" data-e-type=\"widget\" data-widget_type=\"heading.default\">\n\t\t\t\t\t<h2 class=\"elementor-heading-title elementor-size-default\"><a href=\"http:\/\/ANCE\">INTENDANCE &amp; MAINTENANCE <\/a><\/h2>\t\t\t\t<\/div>\n\t\t\t\t<div class=\"elementor-element elementor-element-80e532a elementor-widget elementor-widget-text-editor\" data-id=\"80e532a\" data-element_type=\"widget\" data-e-type=\"widget\" data-widget_type=\"text-editor.default\">\n\t\t\t\t\t\t\t\t\t<p><em>Confiez-nous vos cl\u00e9s, nous veillons sur votre horizon.<\/em><\/p><p><em>Vous quittez votre propri\u00e9t\u00e9 pendant quelques semaines ou quelques mois. C&rsquo;est le moment de d\u00e9tente, mais une petite voix persiste: La climatisation est-elle bien \u00e9teinte? Le jardinier est-il pass\u00e9 apr\u00e8s la temp\u00eate? Et si une fuite d&rsquo;eau survenait ?<\/em><\/p><p><em>Pendant votre absence, notre \u00e9quipe veille sur votre propri\u00e9t\u00e9 avec soin et rigueur. \u00a0<\/em><\/p>\t\t\t\t\t\t\t\t<\/div>\n\t\t\t\t<div class=\"elementor-element elementor-element-e2ac896 elementor-widget elementor-widget-image\" data-id=\"e2ac896\" data-element_type=\"widget\" data-e-type=\"widget\" data-widget_type=\"image.default\">\n\t\t\t\t\t\t\t\t\t\t\t\t\t\t\t<img decoding=\"async\" src=\"https:\/\/adauraserenity-conciergerie.com\/wp-content\/uploads\/2026\/03\/image-cle-en-main.webp\" title=\"image cle en main\" alt=\"image cle en main\" loading=\"lazy\" \/>\t\t\t\t\t\t\t\t\t\t\t\t\t\t\t<\/div>\n\t\t\t\t\t<\/div>\n\t\t\t\t<\/div>\n\t\t<div class=\"elementor-element elementor-element-812d8f6 e-flex e-con-boxed e-con e-parent\" data-id=\"812d8f6\" data-element_type=\"container\" data-e-type=\"container\">\n\t\t\t\t\t<div class=\"e-con-inner\">\n\t\t\t\t<div class=\"elementor-element elementor-element-b57491e elementor-widget elementor-widget-text-editor\" data-id=\"b57491e\" data-element_type=\"widget\" data-e-type=\"widget\" data-widget_type=\"text-editor.default\">\n\t\t\t\t\t\t\t\t\t<h5 class=\"western\" align=\"left\">\u00a0<em><strong>Nos objectifs : <\/strong><\/em><\/h5><ul><li><h6><span style=\"color: #2b0e96;\"><em>Garantir la s\u00e9curit\u00e9 et le bon fonctionnement de votre r\u00e9sidence principale ou secondaire en votre absence.<\/em><\/span><\/h6><\/li><li><h6><span style=\"color: #2b0e96;\"><em>Surveiller et g\u00e9rer les impr\u00e9vus ( intemp\u00e9ries, d\u00e9gradations, dysfonctionnements).<\/em><\/span><\/h6><\/li><li><h6><span style=\"color: #2b0e96;\"><em>Organiser et coordonner les prestataires n\u00e9cessaires ( jardinier, pisciniste, m\u00e9nage).<\/em><\/span><\/h6><\/li><li><h6><span style=\"color: #2b0e96;\"><em>Optimiser le confort avant votre arriv\u00e9e ( chauffage climatisation, linge, courses etc&#8230;).\u00a0<\/em><\/span><\/h6><\/li><\/ul>\t\t\t\t\t\t\t\t<\/div>\n\t\t<div class=\"elementor-element elementor-element-321910d e-con-full e-flex e-con e-child\" data-id=\"321910d\" data-element_type=\"container\" data-e-type=\"container\">\n\t\t\t\t<div class=\"elementor-element elementor-element-f31d375 elementor-widget__width-initial e-transform elementor-absolute elementor-widget elementor-widget-image\" data-id=\"f31d375\" data-element_type=\"widget\" data-e-type=\"widget\" data-settings=\"{&quot;_transform_rotateZ_effect&quot;:{&quot;unit&quot;:&quot;px&quot;,&quot;size&quot;:15,&quot;sizes&quot;:[]},&quot;_position&quot;:&quot;absolute&quot;,&quot;_transform_rotateZ_effect_tablet&quot;:{&quot;unit&quot;:&quot;deg&quot;,&quot;size&quot;:4,&quot;sizes&quot;:[]},&quot;_transform_rotateZ_effect_mobile&quot;:{&quot;unit&quot;:&quot;deg&quot;,&quot;size&quot;:&quot;&quot;,&quot;sizes&quot;:[]}}\" data-widget_type=\"image.default\">\n\t\t\t\t\t\t\t\t\t\t\t\t\t\t\t<img fetchpriority=\"high\" decoding=\"async\" width=\"800\" height=\"491\" src=\"https:\/\/adauraserenity-conciergerie.com\/wp-content\/uploads\/2026\/04\/Photo-lit-avec-nom-sas-1024x628.webp\" class=\"attachment-large size-large wp-image-2347\" alt=\"\" srcset=\"https:\/\/adauraserenity-conciergerie.com\/wp-content\/uploads\/2026\/04\/Photo-lit-avec-nom-sas-1024x628.webp 1024w, https:\/\/adauraserenity-conciergerie.com\/wp-content\/uploads\/2026\/04\/Photo-lit-avec-nom-sas-300x184.webp 300w, https:\/\/adauraserenity-conciergerie.com\/wp-content\/uploads\/2026\/04\/Photo-lit-avec-nom-sas-768x471.webp 768w, https:\/\/adauraserenity-conciergerie.com\/wp-content\/uploads\/2026\/04\/Photo-lit-avec-nom-sas.webp 1170w\" sizes=\"(max-width: 800px) 100vw, 800px\" \/>\t\t\t\t\t\t\t\t\t\t\t\t\t\t\t<\/div>\n\t\t\t\t<div class=\"elementor-element elementor-element-8e951ba elementor-widget__width-initial e-transform elementor-absolute elementor-widget-mobile__width-initial elementor-widget elementor-widget-image\" data-id=\"8e951ba\" data-element_type=\"widget\" data-e-type=\"widget\" data-settings=\"{&quot;_transform_rotateZ_effect&quot;:{&quot;unit&quot;:&quot;px&quot;,&quot;size&quot;:-9,&quot;sizes&quot;:[]},&quot;_transform_rotateZ_effect_tablet&quot;:{&quot;unit&quot;:&quot;deg&quot;,&quot;size&quot;:0,&quot;sizes&quot;:[]},&quot;_position&quot;:&quot;absolute&quot;,&quot;_transform_rotateZ_effect_mobile&quot;:{&quot;unit&quot;:&quot;deg&quot;,&quot;size&quot;:0,&quot;sizes&quot;:[]}}\" data-widget_type=\"image.default\">\n\t\t\t\t\t\t\t\t\t\t\t\t\t\t\t<img decoding=\"async\" width=\"800\" height=\"437\" src=\"https:\/\/adauraserenity-conciergerie.com\/wp-content\/uploads\/2026\/04\/Photo-dun-salon-1024x559.webp\" class=\"attachment-large size-large wp-image-2348\" alt=\"\" srcset=\"https:\/\/adauraserenity-conciergerie.com\/wp-content\/uploads\/2026\/04\/Photo-dun-salon-1024x559.webp 1024w, https:\/\/adauraserenity-conciergerie.com\/wp-content\/uploads\/2026\/04\/Photo-dun-salon-300x164.webp 300w, https:\/\/adauraserenity-conciergerie.com\/wp-content\/uploads\/2026\/04\/Photo-dun-salon-768x419.webp 768w, https:\/\/adauraserenity-conciergerie.com\/wp-content\/uploads\/2026\/04\/Photo-dun-salon.webp 1170w\" sizes=\"(max-width: 800px) 100vw, 800px\" \/>\t\t\t\t\t\t\t\t\t\t\t\t\t\t\t<\/div>\n\t\t\t\t<div class=\"elementor-element elementor-element-22fd07a elementor-widget__width-initial e-transform elementor-widget-mobile__width-initial elementor-widget elementor-widget-image\" data-id=\"22fd07a\" data-element_type=\"widget\" data-e-type=\"widget\" data-settings=\"{&quot;motion_fx_motion_fx_mouse&quot;:&quot;yes&quot;,&quot;_transform_rotateZ_effect_mobile&quot;:{&quot;unit&quot;:&quot;deg&quot;,&quot;size&quot;:15,&quot;sizes&quot;:[]},&quot;_transform_rotateZ_effect&quot;:{&quot;unit&quot;:&quot;px&quot;,&quot;size&quot;:&quot;&quot;,&quot;sizes&quot;:[]},&quot;_transform_rotateZ_effect_tablet&quot;:{&quot;unit&quot;:&quot;deg&quot;,&quot;size&quot;:&quot;&quot;,&quot;sizes&quot;:[]}}\" data-widget_type=\"image.default\">\n\t\t\t\t\t\t\t\t\t\t\t\t\t\t\t<img decoding=\"async\" src=\"https:\/\/adauraserenity-conciergerie.com\/wp-content\/uploads\/2026\/04\/Photo-Villa-de-luxe.webp\" title=\"Photo Villa de luxe\" alt=\"Photo Villa de luxe\" loading=\"lazy\" \/>\t\t\t\t\t\t\t\t\t\t\t\t\t\t\t<\/div>\n\t\t\t\t<\/div>\n\t\t\t\t\t<\/div>\n\t\t\t\t<\/div>\n\t\t<div class=\"elementor-element elementor-element-8cc84d9 e-flex e-con-boxed e-con e-parent\" data-id=\"8cc84d9\" data-element_type=\"container\" data-e-type=\"container\">\n\t\t\t\t\t<div class=\"e-con-inner\">\n\t\t\t\t<div class=\"elementor-element elementor-element-2e913f2 elementor-widget__width-initial elementor-widget elementor-widget-heading\" data-id=\"2e913f2\" data-element_type=\"widget\" data-e-type=\"widget\" data-widget_type=\"heading.default\">\n\t\t\t\t\t<h2 class=\"elementor-heading-title elementor-size-default\">VISITES DE CONTROLE\u00a0<\/h2>\t\t\t\t<\/div>\n\t\t\t\t<div class=\"elementor-element elementor-element-5dfb9ff elementor-widget__width-initial elementor-widget elementor-widget-text-editor\" data-id=\"5dfb9ff\" data-element_type=\"widget\" data-e-type=\"widget\" data-widget_type=\"text-editor.default\">\n\t\t\t\t\t\t\t\t\t<p>\u00a0<\/p><h6>\u00a0Nous assurons des<strong> visites et contr\u00f4les<\/strong> r\u00e9guliers ou ponctuels de vos r\u00e9sidences, <strong>inspection des installations<\/strong> essentielles, <strong>suivi<\/strong> <strong>apr\u00e8s intemp\u00e9ries<\/strong> et <strong>reporting<\/strong> d\u00e9taill\u00e9. Chaque intervention sublime votre propri\u00e9t\u00e9 et garantit une s\u00e9r\u00e9nit\u00e9 absolue.<\/h6>\t\t\t\t\t\t\t\t<\/div>\n\t\t\t\t<div class=\"elementor-element elementor-element-4dad558 elementor-widget elementor-widget-heading\" data-id=\"4dad558\" data-element_type=\"widget\" data-e-type=\"widget\" data-widget_type=\"heading.default\">\n\t\t\t\t\t<h2 class=\"elementor-heading-title elementor-size-default\">LES PRESTATAIRES<\/h2>\t\t\t\t<\/div>\n\t\t\t\t<div class=\"elementor-element elementor-element-8306caf elementor-widget__width-initial elementor-widget elementor-widget-text-editor\" data-id=\"8306caf\" data-element_type=\"widget\" data-e-type=\"widget\" data-widget_type=\"text-editor.default\">\n\t\t\t\t\t\t\t\t\t<h6><strong>Nous orchestrons<\/strong> les prestataires avec des <strong>planifications sur-mesure<\/strong> et des <strong>selections rigoureuses<\/strong> des interventions. Chaque mission b\u00e9n\u00e9ficie d&rsquo;un <strong>suivi de qualit\u00e9<\/strong> et de <strong>reporting<\/strong> d\u00e9taill\u00e9, assurant un service d&rsquo;excellence et une tranquillit\u00e9 d&rsquo;esprit totale.\u00a0<\/h6>\t\t\t\t\t\t\t\t<\/div>\n\t\t\t\t\t<\/div>\n\t\t\t\t<\/div>\n\t\t<div class=\"elementor-element elementor-element-c88a84b e-flex e-con-boxed e-con e-parent\" data-id=\"c88a84b\" data-element_type=\"container\" data-e-type=\"container\">\n\t\t\t\t\t<div class=\"e-con-inner\">\n\t\t\t\t<div class=\"elementor-element elementor-element-9e64da2 elementor-widget elementor-widget-heading\" data-id=\"9e64da2\" data-element_type=\"widget\" data-e-type=\"widget\" data-widget_type=\"heading.default\">\n\t\t\t\t\t<h2 class=\"elementor-heading-title elementor-size-default\">SURVEILLANCE ET S\u00c9CURIT\u00c9<\/h2>\t\t\t\t<\/div>\n\t\t\t\t<div class=\"elementor-element elementor-element-e316c03 elementor-widget__width-initial elementor-widget elementor-widget-text-editor\" data-id=\"e316c03\" data-element_type=\"widget\" data-e-type=\"widget\" data-widget_type=\"text-editor.default\">\n\t\t\t\t\t\t\t\t\t<h6>Nous assurons une <strong>surveillance<\/strong> <strong>et une s\u00e9curit\u00e9<\/strong> sans faille, avec <strong>contr\u00f4le<\/strong> rigoureux <strong>des acc\u00e8s<\/strong>, v\u00e9rification des <strong>ouvertures<\/strong>, <strong>surveillance \u00e9lectronique<\/strong> et contr\u00f4le des <strong>\u00e9l\u00e9ments de<\/strong> <strong>s\u00e9curit\u00e9<\/strong>. Chaque r\u00e9sidence b\u00e9n\u00e9ficie ainsi d&rsquo;une vigilance totale pour une s\u00e9r\u00e9nit\u00e9 parfaite.\u00a0<\/h6>\t\t\t\t\t\t\t\t<\/div>\n\t\t\t\t<div class=\"elementor-element elementor-element-40bc765 elementor-widget elementor-widget-heading\" data-id=\"40bc765\" data-element_type=\"widget\" data-e-type=\"widget\" data-widget_type=\"heading.default\">\n\t\t\t\t\t<h2 class=\"elementor-heading-title elementor-size-default\">PR\u00c9PARATION AVANT VOTRE ARRIV\u00c9E<\/h2>\t\t\t\t<\/div>\n\t\t\t\t<div class=\"elementor-element elementor-element-096f15c elementor-widget elementor-widget-text-editor\" data-id=\"096f15c\" data-element_type=\"widget\" data-e-type=\"widget\" data-widget_type=\"text-editor.default\">\n\t\t\t\t\t\t\t\t\t<h6>Nous coordonnons une <strong>pr\u00e9paration<\/strong> m\u00e9ticuleuse et <strong>sur-mesure de votre r\u00e9sidence<\/strong>, nous effectuons la <strong>mise en route<\/strong> des installations, la pr\u00e9parations du <strong>linge<\/strong> et <strong>l&rsquo;approvisionnement<\/strong> ainsi que le <strong>contr\u00f4le<\/strong> des <strong>\u00e9quipements suivi d&rsquo;un rapport complet<\/strong> <strong>et<\/strong> le cas \u00e9ch\u00e9ant<strong>, <\/strong>des<strong> recommandations<\/strong>. \u00a0Chaque arriv\u00e9e devient un moment de confort et de plaisir.\u00a0<\/h6>\t\t\t\t\t\t\t\t<\/div>\n\t\t\t\t<div class=\"elementor-element elementor-element-206aee2 elementor-widget elementor-widget-text-editor\" data-id=\"206aee2\" data-element_type=\"widget\" data-e-type=\"widget\" data-widget_type=\"text-editor.default\">\n\t\t\t\t\t\t\t\t\t<h6><em><strong>Nous proposons des options personnalis\u00e9es<\/strong> avec un planning ajust\u00e9 selon vos imp\u00e9ratifs et <strong>des prestations compl\u00e9mentaires modulables<\/strong> selon vos besoins. De la pr\u00e9paration de la maison pour vos invit\u00e9s \u00e0 l&rsquo;organisation d&rsquo;\u00e9v\u00e8nements ponctuels ou attentions particuli\u00e8res : <strong>chaque service est pens\u00e9 pour vous offrir confort et raffinement<\/strong>. <strong>L&rsquo;acc\u00e8s \u00e0 notre club privil\u00e8ge \u00a0\u00bb AD Aura Serenity &amp; Co\u00a0\u00bb<\/strong> permet de b\u00e9n\u00e9ficier d&rsquo;avantages gr\u00e2ce \u00e0 notre r\u00e9seaux de partenaires s\u00e9lectionn\u00e9s.\u00a0<\/em><\/h6>\t\t\t\t\t\t\t\t<\/div>\n\t\t\t\t\t<\/div>\n\t\t\t\t<\/div>\n\t\t\t\t<\/div>","protected":false},"excerpt":{"rendered":"<p>INTENDANCE &amp; MAINTENANCE Confiez-nous vos cl\u00e9s, nous veillons sur votre horizon. Vous quittez votre propri\u00e9t\u00e9 pendant quelques semaines ou quelques mois. C&rsquo;est le moment de d\u00e9tente, mais une petite voix persiste: La climatisation est-elle bien \u00e9teinte? Le jardinier est-il pass\u00e9 apr\u00e8s la temp\u00eate? Et si une fuite d&rsquo;eau survenait ? Pendant votre absence, notre \u00e9quipe [&hellip;]<\/p>\n","protected":false},"author":1,"featured_media":0,"parent":2444,"menu_order":4,"comment_status":"closed","ping_status":"closed","template":"elementor_header_footer","meta":{"_uag_custom_page_level_css":"","footnotes":""},"class_list":["post-2163","page","type-page","status-publish","hentry"],"_hostinger_reach_plugin_has_subscription_block":false,"_hostinger_reach_plugin_is_elementor":false,"uagb_featured_image_src":{"full":false,"thumbnail":false,"medium":false,"medium_large":false,"large":false,"1536x1536":false,"2048x2048":false,"trp-custom-language-flag":false},"uagb_author_info":{"display_name":"AD Aura Serenity &amp; Co","author_link":"https:\/\/adauraserenity-conciergerie.com\/en\/author\/dorsy-mattgmail-com\/"},"uagb_comment_info":0,"uagb_excerpt":"INTENDANCE &amp; MAINTENANCE Confiez-nous vos cl\u00e9s, nous veillons sur votre horizon. Vous quittez votre propri\u00e9t\u00e9 pendant quelques semaines ou quelques mois. C&rsquo;est le moment de d\u00e9tente, mais une petite voix persiste: La climatisation est-elle bien \u00e9teinte? Le jardinier est-il pass\u00e9 apr\u00e8s la temp\u00eate? Et si une fuite d&rsquo;eau survenait ? Pendant votre absence, notre \u00e9quipe&hellip;","_links":{"self":[{"href":"https:\/\/adauraserenity-conciergerie.com\/en\/wp-json\/wp\/v2\/pages\/2163","targetHints":{"allow":["GET"]}}],"collection":[{"href":"https:\/\/adauraserenity-conciergerie.com\/en\/wp-json\/wp\/v2\/pages"}],"about":[{"href":"https:\/\/adauraserenity-conciergerie.com\/en\/wp-json\/wp\/v2\/types\/page"}],"author":[{"embeddable":true,"href":"https:\/\/adauraserenity-conciergerie.com\/en\/wp-json\/wp\/v2\/users\/1"}],"replies":[{"embeddable":true,"href":"https:\/\/adauraserenity-conciergerie.com\/en\/wp-json\/wp\/v2\/comments?post=2163"}],"version-history":[{"count":73,"href":"https:\/\/adauraserenity-conciergerie.com\/en\/wp-json\/wp\/v2\/pages\/2163\/revisions"}],"predecessor-version":[{"id":2815,"href":"https:\/\/adauraserenity-conciergerie.com\/en\/wp-json\/wp\/v2\/pages\/2163\/revisions\/2815"}],"up":[{"embeddable":true,"href":"https:\/\/adauraserenity-conciergerie.com\/en\/wp-json\/wp\/v2\/pages\/2444"}],"wp:attachment":[{"href":"https:\/\/adauraserenity-conciergerie.com\/en\/wp-json\/wp\/v2\/media?parent=2163"}],"curies":[{"name":"wp","href":"https:\/\/api.w.org\/{rel}","templated":true}]}}