{"id":2184,"date":"2026-04-14T09:52:15","date_gmt":"2026-04-14T08:52:15","guid":{"rendered":"https:\/\/adauraserenity-conciergerie.com\/?page_id=2184"},"modified":"2026-04-15T17:09:40","modified_gmt":"2026-04-15T16:09:40","slug":"contact","status":"publish","type":"page","link":"https:\/\/adauraserenity-conciergerie.com\/en\/contact\/","title":{"rendered":"CONTACT"},"content":{"rendered":"\t\t<div data-elementor-type=\"wp-page\" data-elementor-id=\"2184\" class=\"elementor elementor-2184\" data-elementor-post-type=\"page\">\n\t\t\t\t<div class=\"elementor-element elementor-element-44c389d3 e-flex e-con-boxed e-con e-parent\" data-id=\"44c389d3\" data-element_type=\"container\" data-e-type=\"container\">\n\t\t\t\t\t<div class=\"e-con-inner\">\n\t\t\t\t<div class=\"elementor-element elementor-element-4531a715 elementor-widget elementor-widget-text-editor\" data-id=\"4531a715\" data-element_type=\"widget\" data-e-type=\"widget\" data-widget_type=\"text-editor.default\">\n\t\t\t\t\t\t\t\t\t\t\t\t\t\t\t\t\t<\/div>\n\t\t\t\t\t<\/div>\n\t\t\t\t<\/div>\n\t\t<div class=\"elementor-element elementor-element-ed03a98 e-con-full e-flex e-con e-parent\" data-id=\"ed03a98\" data-element_type=\"container\" data-e-type=\"container\">\n\t\t\t\t<div class=\"elementor-element elementor-element-174321e elementor-button-align-stretch elementor-widget elementor-widget-form\" data-id=\"174321e\" data-element_type=\"widget\" data-e-type=\"widget\" data-settings=\"{&quot;step_next_label&quot;:&quot;Suivant&quot;,&quot;step_previous_label&quot;:&quot;Pr\\u00e9c\\u00e9dent&quot;,&quot;button_width&quot;:&quot;100&quot;,&quot;step_type&quot;:&quot;number_text&quot;,&quot;step_icon_shape&quot;:&quot;circle&quot;}\" data-widget_type=\"form.default\">\n\t\t\t\t\t\t\t<form class=\"elementor-form\" method=\"post\" name=\"Formulaire de contact\" aria-label=\"Formulaire de contact\">\n\t\t\t<input type=\"hidden\" name=\"post_id\" value=\"2184\"\/>\n\t\t\t<input type=\"hidden\" name=\"form_id\" value=\"174321e\"\/>\n\t\t\t<input type=\"hidden\" name=\"referer_title\" value=\"CONTACT - AD Aura Serenity &amp; Co - Conciergerie Premium\" \/>\n\n\t\t\t\t\t\t\t<input type=\"hidden\" name=\"queried_id\" value=\"2184\"\/>\n\t\t\t\n\t\t\t<div class=\"elementor-form-fields-wrapper elementor-labels-above\">\n\t\t\t\t\t\t\t\t<div class=\"elementor-field-type-text elementor-field-group elementor-column elementor-field-group-name elementor-col-100 elementor-field-required elementor-mark-required\">\n\t\t\t\t\t\t\t\t\t\t\t\t<label for=\"form-field-name\" class=\"elementor-field-label\">\n\t\t\t\t\t\t\t\tNom\t\t\t\t\t\t\t<\/label>\n\t\t\t\t\t\t\t\t\t\t\t\t\t\t<input size=\"1\" type=\"text\" name=\"form_fields[name]\" id=\"form-field-name\" class=\"elementor-field elementor-size-sm  elementor-field-textual\" placeholder=\"Votre nom\" required=\"required\">\n\t\t\t\t\t\t\t\t\t\t\t<\/div>\n\t\t\t\t\t\t\t\t<div class=\"elementor-field-type-text elementor-field-group elementor-column elementor-field-group-field_96d75e7 elementor-col-100 elementor-field-required elementor-mark-required\">\n\t\t\t\t\t\t\t\t\t\t\t\t<label for=\"form-field-field_96d75e7\" class=\"elementor-field-label\">\n\t\t\t\t\t\t\t\tPr\u00e9nom\t\t\t\t\t\t\t<\/label>\n\t\t\t\t\t\t\t\t\t\t\t\t\t\t<input size=\"1\" type=\"text\" name=\"form_fields[field_96d75e7]\" id=\"form-field-field_96d75e7\" class=\"elementor-field elementor-size-sm  elementor-field-textual\" placeholder=\"Votre Pr\u00e9nom\" required=\"required\">\n\t\t\t\t\t\t\t\t\t\t\t<\/div>\n\t\t\t\t\t\t\t\t<div class=\"elementor-field-type-email elementor-field-group elementor-column elementor-field-group-email elementor-col-100 elementor-field-required elementor-mark-required\">\n\t\t\t\t\t\t\t\t\t\t\t\t<label for=\"form-field-email\" class=\"elementor-field-label\">\n\t\t\t\t\t\t\t\tE-mail\t\t\t\t\t\t\t<\/label>\n\t\t\t\t\t\t\t\t\t\t\t\t\t\t<input size=\"1\" type=\"email\" name=\"form_fields[email]\" id=\"form-field-email\" class=\"elementor-field elementor-size-sm  elementor-field-textual\" placeholder=\"votre@email.com\" required=\"required\">\n\t\t\t\t\t\t\t\t\t\t\t<\/div>\n\t\t\t\t\t\t\t\t<div class=\"elementor-field-type-textarea elementor-field-group elementor-column elementor-field-group-message elementor-col-100 elementor-field-required elementor-mark-required\">\n\t\t\t\t\t\t\t\t\t\t\t\t<label for=\"form-field-message\" class=\"elementor-field-label\">\n\t\t\t\t\t\t\t\tMessage\/Commentaires\t\t\t\t\t\t\t<\/label>\n\t\t\t\t\t\t<textarea class=\"elementor-field-textual elementor-field  elementor-size-sm\" name=\"form_fields[message]\" id=\"form-field-message\" rows=\"4\" placeholder=\"Message\/Commentaires\" required=\"required\"><\/textarea>\t\t\t\t<\/div>\n\t\t\t\t\t\t\t\t<div class=\"elementor-field-type-tel elementor-field-group elementor-column elementor-field-group-field_7c09595 elementor-col-100 elementor-field-required elementor-mark-required\">\n\t\t\t\t\t\t\t\t\t\t\t\t<label for=\"form-field-field_7c09595\" class=\"elementor-field-label\">\n\t\t\t\t\t\t\t\tT\u00e9l\u00e9phone\t\t\t\t\t\t\t<\/label>\n\t\t\t\t\t\t\t\t<input size=\"1\" type=\"tel\" name=\"form_fields[field_7c09595]\" id=\"form-field-field_7c09595\" class=\"elementor-field elementor-size-sm  elementor-field-textual\" placeholder=\"+33 6 XX XX XX XX\" required=\"required\" pattern=\"[0-9()#&amp;+*-=.]+\" title=\"Only numbers and phone characters (#, -, *, etc) are accepted.\">\n\n\t\t\t\t\t\t<\/div>\n\t\t\t\t\t\t\t\t<div class=\"elementor-field-type-text elementor-field-group elementor-column elementor-field-group-field_a4d3eb7 elementor-col-100\">\n\t\t\t\t\t\t\t\t\t\t\t\t<label for=\"form-field-field_a4d3eb7\" class=\"elementor-field-label\">\n\t\t\t\t\t\t\t\tPr\u00e9cisions exclusives\t\t\t\t\t\t\t<\/label>\n\t\t\t\t\t\t\t\t\t\t\t\t\t\t<input size=\"1\" type=\"text\" name=\"form_fields[field_a4d3eb7]\" id=\"form-field-field_a4d3eb7\" class=\"elementor-field elementor-size-sm  elementor-field-textual\" placeholder=\"Notre \u00e9quipe pendra soin de r\u00e9pondre \u00e0 vos besoins avec attention et professionnalisme\">\n\t\t\t\t\t\t\t\t\t\t\t<\/div>\n\t\t\t\t\t\t\t\t<div class=\"elementor-field-type-checkbox elementor-field-group elementor-column elementor-field-group-field_e8e06e9 elementor-col-70\">\n\t\t\t\t\t\t\t\t\t\t\t\t<label for=\"form-field-field_e8e06e9\" class=\"elementor-field-label\">\n\t\t\t\t\t\t\t\tType de prestation\t\t\t\t\t\t\t<\/label>\n\t\t\t\t\t\t<div class=\"elementor-field-subgroup  \"><span class=\"elementor-field-option\"><input type=\"checkbox\" value=\"Gestion-Conciergerie\" id=\"form-field-field_e8e06e9-0\" name=\"form_fields[field_e8e06e9][]\"> <label for=\"form-field-field_e8e06e9-0\">Gestion & Conciergerie<\/label><\/span><span class=\"elementor-field-option\"><input type=\"checkbox\" value=\"Intendance-Maintenance\" id=\"form-field-field_e8e06e9-1\" name=\"form_fields[field_e8e06e9][]\"> <label for=\"form-field-field_e8e06e9-1\">Intendance & Maintenance<\/label><\/span><span class=\"elementor-field-option\"><input type=\"checkbox\" value=\"Pack-Services Additionnels\" id=\"form-field-field_e8e06e9-2\" name=\"form_fields[field_e8e06e9][]\"> <label for=\"form-field-field_e8e06e9-2\">Pack & Services Additionnels<\/label><\/span><span class=\"elementor-field-option\"><input type=\"checkbox\" value=\"Demande-sur-mesure\" id=\"form-field-field_e8e06e9-3\" name=\"form_fields[field_e8e06e9][]\"> <label for=\"form-field-field_e8e06e9-3\">Demande sur mesure<\/label><\/span><\/div>\t\t\t\t<\/div>\n\t\t\t\t\t\t\t\t<div class=\"elementor-field-type-date elementor-field-group elementor-column elementor-field-group-field_9b6da3e elementor-col-50\">\n\t\t\t\t\t\t\t\t\t\t\t\t<label for=\"form-field-field_9b6da3e\" class=\"elementor-field-label\">\n\t\t\t\t\t\t\t\tDate souhait\u00e9e\t\t\t\t\t\t\t<\/label>\n\t\t\t\t\t\t\n\t\t<input type=\"date\" name=\"form_fields[field_9b6da3e]\" id=\"form-field-field_9b6da3e\" class=\"elementor-field elementor-size-sm  elementor-field-textual elementor-date-field elementor-use-native\" placeholder=\"Choisir  une date (jj\/mm\/aaaa)\" pattern=\"[0-9]{4}-[0-9]{2}-[0-9]{2}\" min=\"2026-04-03\" max=\"2026-07-04\">\n\t\t\t\t\t\t<\/div>\n\t\t\t\t\t\t\t\t<div class=\"elementor-field-type-select elementor-field-group elementor-column elementor-field-group-field_781235c elementor-col-50 elementor-field-required elementor-mark-required\">\n\t\t\t\t\t\t\t\t\t\t\t\t<label for=\"form-field-field_781235c\" class=\"elementor-field-label\">\n\t\t\t\t\t\t\t\tHoraire souhait\u00e9\t\t\t\t\t\t\t<\/label>\n\t\t\t\t\t\t\t\t<div class=\"elementor-field elementor-select-wrapper remove-before \">\n\t\t\t<div class=\"select-caret-down-wrapper\">\n\t\t\t\t<svg aria-hidden=\"true\" class=\"e-font-icon-svg e-eicon-caret-down\" viewBox=\"0 0 571.4 571.4\" xmlns=\"http:\/\/www.w3.org\/2000\/svg\"><path d=\"M571 393Q571 407 561 418L311 668Q300 679 286 679T261 668L11 418Q0 407 0 393T11 368 36 357H536Q550 357 561 368T571 393Z\"><\/path><\/svg>\t\t\t<\/div>\n\t\t\t<select name=\"form_fields[field_781235c]\" id=\"form-field-field_781235c\" class=\"elementor-field-textual elementor-size-sm\" required=\"required\">\n\t\t\t\t\t\t\t\t\t<option value=\"08:00\">08:00<\/option>\n\t\t\t\t\t\t\t\t\t<option value=\"09:00\">09:00<\/option>\n\t\t\t\t\t\t\t\t\t<option value=\"10:00\">10:00<\/option>\n\t\t\t\t\t\t\t\t\t<option value=\"11:00\">11:00<\/option>\n\t\t\t\t\t\t\t\t\t<option value=\"12:00\">12:00<\/option>\n\t\t\t\t\t\t\t\t\t<option value=\"13:00\">13:00<\/option>\n\t\t\t\t\t\t\t\t\t<option value=\"14:00\">14:00<\/option>\n\t\t\t\t\t\t\t\t\t<option value=\"15:00\">15:00<\/option>\n\t\t\t\t\t\t\t\t\t<option value=\"16:00\">16:00<\/option>\n\t\t\t\t\t\t\t\t\t<option value=\"17:00\">17:00<\/option>\n\t\t\t\t\t\t\t\t\t<option value=\"18:00\">18:00<\/option>\n\t\t\t\t\t\t\t\t\t<option value=\"19:00\">19:00<\/option>\n\t\t\t\t\t\t\t<\/select>\n\t\t<\/div>\n\t\t\t\t\t\t<\/div>\n\t\t\t\t\t\t\t\t<div class=\"elementor-field-type-checkbox elementor-field-group elementor-column elementor-field-group-field_4f99868 elementor-col-100\">\n\t\t\t\t\t\t\t\t\t\t\t\t<label for=\"form-field-field_4f99868\" class=\"elementor-field-label\">\n\t\t\t\t\t\t\t\tRGPD\t\t\t\t\t\t\t<\/label>\n\t\t\t\t\t\t<div class=\"elementor-field-subgroup  elementor-subgroup-inline\"><span class=\"elementor-field-option\"><input type=\"checkbox\" value=\"J&#039;accepte que mes donn\u00e9es soient utilis\u00e9es pour traiter ma demande, conform\u00e9ment \u00e0 la r\u00e9glementation RGPD\" id=\"form-field-field_4f99868-0\" name=\"form_fields[field_4f99868]\"> <label for=\"form-field-field_4f99868-0\">J'accepte que mes donn\u00e9es soient utilis\u00e9es pour traiter ma demande, conform\u00e9ment \u00e0 la r\u00e9glementation RGPD<\/label><\/span><\/div>\t\t\t\t<\/div>\n\t\t\t\t\t\t\t\t<div class=\"elementor-field-type-checkbox elementor-field-group elementor-column elementor-field-group-field_4f68d31 elementor-col-100\">\n\t\t\t\t\t\t\t\t\t\t\t\t<label for=\"form-field-field_4f68d31\" class=\"elementor-field-label\">\n\t\t\t\t\t\t\t\tSuivi\/Newletter\t\t\t\t\t\t\t<\/label>\n\t\t\t\t\t\t<div class=\"elementor-field-subgroup  \"><span class=\"elementor-field-option\"><input type=\"checkbox\" value=\"Je souhaite recevoir les informations et offres de la conciergerie, conform\u00e9ment \u00e0 la r\u00e9glementation RGPD\" id=\"form-field-field_4f68d31-0\" name=\"form_fields[field_4f68d31]\"> <label for=\"form-field-field_4f68d31-0\">Je souhaite recevoir les informations et offres de la conciergerie, conform\u00e9ment \u00e0 la r\u00e9glementation RGPD<\/label><\/span><\/div>\t\t\t\t<\/div>\n\t\t\t\t\t\t\t\t<div class=\"elementor-field-group elementor-column elementor-field-type-submit elementor-col-100 e-form__buttons\">\n\t\t\t\t\t<button class=\"elementor-button elementor-size-sm\" type=\"submit\">\n\t\t\t\t\t\t<span class=\"elementor-button-content-wrapper\">\n\t\t\t\t\t\t\t\t\t\t\t\t\t\t\t\t\t\t\t\t\t\t<span class=\"elementor-button-text\">Envoyer<\/span>\n\t\t\t\t\t\t\t\t\t\t\t\t\t<\/span>\n\t\t\t\t\t<\/button>\n\t\t\t\t<\/div>\n\t\t\t<\/div>\n\t\t<\/form>\n\t\t\t\t\t\t<\/div>\n\t\t\t\t<\/div>\n\t\t\t\t<\/div>\n\t\t","protected":false},"excerpt":{"rendered":"","protected":false},"author":1,"featured_media":0,"parent":0,"menu_order":0,"comment_status":"closed","ping_status":"closed","template":"elementor_header_footer","meta":{"_uag_custom_page_level_css":"","footnotes":""},"class_list":["post-2184","page","type-page","status-publish","hentry"],"_hostinger_reach_plugin_has_subscription_block":false,"_hostinger_reach_plugin_is_elementor":false,"uagb_featured_image_src":{"full":false,"thumbnail":false,"medium":false,"medium_large":false,"large":false,"1536x1536":false,"2048x2048":false,"trp-custom-language-flag":false},"uagb_author_info":{"display_name":"AD Aura Serenity &amp; Co","author_link":"https:\/\/adauraserenity-conciergerie.com\/en\/author\/dorsy-mattgmail-com\/"},"uagb_comment_info":0,"uagb_excerpt":null,"_links":{"self":[{"href":"https:\/\/adauraserenity-conciergerie.com\/en\/wp-json\/wp\/v2\/pages\/2184","targetHints":{"allow":["GET"]}}],"collection":[{"href":"https:\/\/adauraserenity-conciergerie.com\/en\/wp-json\/wp\/v2\/pages"}],"about":[{"href":"https:\/\/adauraserenity-conciergerie.com\/en\/wp-json\/wp\/v2\/types\/page"}],"author":[{"embeddable":true,"href":"https:\/\/adauraserenity-conciergerie.com\/en\/wp-json\/wp\/v2\/users\/1"}],"replies":[{"embeddable":true,"href":"https:\/\/adauraserenity-conciergerie.com\/en\/wp-json\/wp\/v2\/comments?post=2184"}],"version-history":[{"count":20,"href":"https:\/\/adauraserenity-conciergerie.com\/en\/wp-json\/wp\/v2\/pages\/2184\/revisions"}],"predecessor-version":[{"id":2804,"href":"https:\/\/adauraserenity-conciergerie.com\/en\/wp-json\/wp\/v2\/pages\/2184\/revisions\/2804"}],"wp:attachment":[{"href":"https:\/\/adauraserenity-conciergerie.com\/en\/wp-json\/wp\/v2\/media?parent=2184"}],"curies":[{"name":"wp","href":"https:\/\/api.w.org\/{rel}","templated":true}]}}