{"id":2227,"date":"2026-04-15T16:40:05","date_gmt":"2026-04-15T15:40:05","guid":{"rendered":"https:\/\/adauraserenity-conciergerie.com\/?page_id=2227"},"modified":"2026-04-15T16:48:41","modified_gmt":"2026-04-15T15:48:41","slug":"club-privilege","status":"publish","type":"page","link":"https:\/\/adauraserenity-conciergerie.com\/en\/club-privilege\/","title":{"rendered":"CLUB PRIVILEGES"},"content":{"rendered":"\t\t<div data-elementor-type=\"wp-page\" data-elementor-id=\"2227\" class=\"elementor elementor-2227\" data-elementor-post-type=\"page\">\n\t\t\t\t<div class=\"elementor-element elementor-element-308d21f e-flex e-con-boxed e-con e-parent\" data-id=\"308d21f\" data-element_type=\"container\" data-e-type=\"container\">\n\t\t\t\t\t<div class=\"e-con-inner\">\n\t\t\t\t<div class=\"elementor-element elementor-element-52f9e03 elementor-widget elementor-widget-heading\" data-id=\"52f9e03\" data-element_type=\"widget\" data-e-type=\"widget\" data-widget_type=\"heading.default\">\n\t\t\t\t\t<h2 class=\"elementor-heading-title elementor-size-default\">CLUB PRIVILEGE EN COURS DE CR\u00c9ATION<\/h2>\t\t\t\t<\/div>\n\t\t\t\t<div class=\"elementor-element elementor-element-6243a9a elementor-widget elementor-widget-text-editor\" data-id=\"6243a9a\" data-element_type=\"widget\" data-e-type=\"widget\" data-widget_type=\"text-editor.default\">\n\t\t\t\t\t\t\t\t\t<p><strong>Club Privil\u00e8ge AD Aura Serenity &amp; Co : Tous unis dans un \u00e9cosyst\u00e8me o\u00f9 chaque membre est gagnant\u00a0<\/strong><\/p>\t\t\t\t\t\t\t\t<\/div>\n\t\t\t\t<div class=\"elementor-element elementor-element-639fc9e elementor-widget__width-initial elementor-widget elementor-widget-image\" data-id=\"639fc9e\" data-element_type=\"widget\" data-e-type=\"widget\" data-widget_type=\"image.default\">\n\t\t\t\t\t\t\t\t\t\t\t\t\t\t\t<img fetchpriority=\"high\" decoding=\"async\" width=\"512\" height=\"341\" src=\"https:\/\/adauraserenity-conciergerie.com\/wp-content\/uploads\/2026\/04\/PHOTO-club-definitive.webp\" class=\"attachment-full size-full wp-image-2413\" alt=\"\" srcset=\"https:\/\/adauraserenity-conciergerie.com\/wp-content\/uploads\/2026\/04\/PHOTO-club-definitive.webp 512w, https:\/\/adauraserenity-conciergerie.com\/wp-content\/uploads\/2026\/04\/PHOTO-club-definitive-300x200.webp 300w\" sizes=\"(max-width: 512px) 100vw, 512px\" \/>\t\t\t\t\t\t\t\t\t\t\t\t\t\t\t<\/div>\n\t\t\t\t<div class=\"elementor-element elementor-element-b67f300 elementor-widget elementor-widget-text-editor\" data-id=\"b67f300\" data-element_type=\"widget\" data-e-type=\"widget\" data-widget_type=\"text-editor.default\">\n\t\t\t\t\t\t\t\t\t<p><em>Bienvenue dans un r\u00e9seau exclusif o\u00f9 la synergie locale cr\u00e9e de l&rsquo;exceptionnel. Le <b>Club Privil\u00e8ge AD Aura Serenity &amp; Co<\/b> n&rsquo;est pas qu&rsquo;un simple programme de fid\u00e9lit\u00e9 : c&rsquo;est un v\u00e9ritable <b>\u00e9cosyst\u00e8me collaboratif<\/b> o\u00f9 chaque acteur est li\u00e9 par des valeurs de qualit\u00e9 et de confiance.<\/em><\/p><p><em>Dans ce cercle vertueux, <b>tout le monde est gagnant<\/b> : nous avons cr\u00e9\u00e9 une dynamique o\u00f9 propri\u00e9taires, prestataires, partenaires locaux et voyageurs interagissent pour se renforcer mutuellement. Ainsi, chaque membre de la communaut\u00e9, quel que soit son profil, <b>b\u00e9n\u00e9ficie de promotions exclusives et d&rsquo;avantages privil\u00e9gi\u00e9s<\/b> sur l&rsquo;ensemble des services de notre r\u00e9seau.<span class=\"Apple-converted-space\">\u00a0<\/span><\/em><\/p>\t\t\t\t\t\t\t\t<\/div>\n\t\t\t\t<div class=\"elementor-element elementor-element-125bacc elementor-widget elementor-widget-text-editor\" data-id=\"125bacc\" data-element_type=\"widget\" data-e-type=\"widget\" data-widget_type=\"text-editor.default\">\n\t\t\t\t\t\t\t\t\t<p><em><b>AD Aura Serenity : Le Club o\u00f9 la synergie cr\u00e9e le privil\u00e8ge<\/b><\/em><\/p>\t\t\t\t\t\t\t\t<\/div>\n\t\t\t\t<div class=\"elementor-element elementor-element-48dd34c elementor-widget elementor-widget-heading\" data-id=\"48dd34c\" data-element_type=\"widget\" data-e-type=\"widget\" data-widget_type=\"heading.default\">\n\t\t\t\t\t<h2 class=\"elementor-heading-title elementor-size-default\">Propri\u00e9taires : L'excellence au service de votre rentabilit\u00e9.<\/h2>\t\t\t\t<\/div>\n\t\t\t\t<div class=\"elementor-element elementor-element-d1f856e elementor-widget elementor-widget-text-editor\" data-id=\"d1f856e\" data-element_type=\"widget\" data-e-type=\"widget\" data-widget_type=\"text-editor.default\">\n\t\t\t\t\t\t\t\t\t<p><b>Tarifs n\u00e9goci\u00e9s :<\/b> B\u00e9n\u00e9ficiez de remises directes et de tarifs pr\u00e9f\u00e9rentiels sur toutes les interventions de nos prestataires certifi\u00e9s (entretien, travaux, urgences).<\/p><p>\u2022 <b>Privil\u00e8ges locaux :<\/b> Acc\u00e9dez aux offres VIP de nos partenaires commer\u00e7ants pour vos propres loisirs et besoins personnels.<\/p><p>\u2022 <b>Priorit\u00e9 absolue :<\/b> Profitez d&rsquo;une r\u00e9activit\u00e9 accrue et d&rsquo;un suivi personnalis\u00e9 pour chaque aspect de la gestion de votre patrimoine.<\/p><p>\u00a0<\/p>\t\t\t\t\t\t\t\t<\/div>\n\t\t\t\t<div class=\"elementor-element elementor-element-c4a13d6 elementor-widget elementor-widget-heading\" data-id=\"c4a13d6\" data-element_type=\"widget\" data-e-type=\"widget\" data-widget_type=\"heading.default\">\n\t\t\t\t\t<h2 class=\"elementor-heading-title elementor-size-default\">\u00a0Prestataires : Un Partenariat au Service de votre Croissance\n<\/h2>\t\t\t\t<\/div>\n\t\t\t\t<div class=\"elementor-element elementor-element-8d80b11 elementor-widget elementor-widget-text-editor\" data-id=\"8d80b11\" data-element_type=\"widget\" data-e-type=\"widget\" data-widget_type=\"text-editor.default\">\n\t\t\t\t\t\t\t\t\t<p>Faites valoir votre expertise au sein d\u2019un r\u00e9seau qui valorise le travail bien fait.<\/p><p>Rejoindre le Club Privil\u00e8ge en tant que prestataire s\u00e9lectionn\u00e9 par <b>AD Aura Serenity &amp; Co<\/b>, c&rsquo;est int\u00e9grer un cercle de confiance o\u00f9 votre savoir-faire est la priorit\u00e9. Nous cr\u00e9ons pour vous des opportunit\u00e9s concr\u00e8tes tout en vous offrant des avantages exclusifs :<\/p><p>\u2022 <b>Visibilit\u00e9 Multi-Canaux :<\/b> Soyez mis en lumi\u00e8re directement aupr\u00e8s de nos propri\u00e9taires et de nos partenaires. Votre entreprise devient la r\u00e9f\u00e9rence naturelle pour tous les besoins d\u2019entretien, de r\u00e9paration ou de r\u00e9novation de notre parc immobilier.<\/p><p>\u2022 <b>Flux d\u2019Activit\u00e9 Privil\u00e9gi\u00e9 :<\/b> Acc\u00e9dez en priorit\u00e9 aux demandes d&rsquo;intervention de notre conciergerie. Nous favorisons les circuits courts et la fid\u00e9lit\u00e9 avec nos artisans de confiance.<\/p><p>\u2022 <b>\u00c9conomies sur vos propres besoins :<\/b> En tant que membre actif du Club, vous b\u00e9n\u00e9ficiez vous aussi de remises exclusives chez nos <b>partenaires locaux<\/b> (commerces, restauration, services) pour vos achats professionnels ou personnels.<\/p>\t\t\t\t\t\t\t\t<\/div>\n\t\t\t\t<div class=\"elementor-element elementor-element-6713823 elementor-widget elementor-widget-heading\" data-id=\"6713823\" data-element_type=\"widget\" data-e-type=\"widget\" data-widget_type=\"heading.default\">\n\t\t\t\t\t<h2 class=\"elementor-heading-title elementor-size-default\">Partenaires : Rayonnez au C\u0153ur de notre R\u00e9seau<\/h2>\t\t\t\t<\/div>\n\t\t\t\t<div class=\"elementor-element elementor-element-3a25bde elementor-widget elementor-widget-text-editor\" data-id=\"3a25bde\" data-element_type=\"widget\" data-e-type=\"widget\" data-widget_type=\"text-editor.default\">\n\t\t\t\t\t\t\t\t\t<p>Devenez une destination incontournable pour notre communaut\u00e9.<\/p><p>Le Club Privil\u00e8ge <b>AD Aura Serenity &amp; Co<\/b> cr\u00e9e un pont direct entre votre \u00e9tablissement et une client\u00e8le exigeante et fid\u00e8le. En devenant partenaire, vous ne proposez pas seulement une offre : vous int\u00e9grez un \u00e9cosyst\u00e8me qui soutient activement la dynamique \u00e9conomique locale.<\/p><p>\u2022 <b>Client\u00e8le Qualifi\u00e9e &amp; Flux Constant :<\/b> B\u00e9n\u00e9ficiez d&rsquo;une visibilit\u00e9 prioritaire aupr\u00e8s de nos propri\u00e9taires et de nos voyageurs. Nous orientons nos membres directement vers vos services gr\u00e2ce \u00e0 notre recommandation personnalis\u00e9e.<\/p><p>\u2022 <b>Ma\u00eetrise de vos Co\u00fbts Techniques :<\/b> C&rsquo;est ici que l&rsquo;\u00e9cosyst\u00e8me prend tout son sens. En tant que partenaire, vous profitez de <b>tarifs pr\u00e9f\u00e9rentiels aupr\u00e8s de nos prestataires techniques<\/b> (maintenance, d\u00e9pannage, travaux) pour l&rsquo;entretien de vos propres locaux.<\/p><p>\u2022 <b>Synergie Inter-Partenaires :<\/b> Profitez d&rsquo;avantages crois\u00e9s et de tarifs \u00ab\u00a0Privil\u00e8ge\u00a0\u00bb chez les autres commer\u00e7ants et prestataires de services membres du Club.<\/p><p>\u2022 <b>Communication Cibl\u00e9e :<\/b> Votre logo et vos offres sont mis en avant sur nos supports digitaux, renfor\u00e7ant votre image de marque au sein d&rsquo;un r\u00e9seau premium.<\/p>\t\t\t\t\t\t\t\t<\/div>\n\t\t\t\t<div class=\"elementor-element elementor-element-086e5ee elementor-widget elementor-widget-heading\" data-id=\"086e5ee\" data-element_type=\"widget\" data-e-type=\"widget\" data-widget_type=\"heading.default\">\n\t\t\t\t\t<h2 class=\"elementor-heading-title elementor-size-default\">Voyageurs : Votre S\u00e9jour en Version Haute Couture<\/h2>\t\t\t\t<\/div>\n\t\t\t\t<div class=\"elementor-element elementor-element-80a219b elementor-widget elementor-widget-text-editor\" data-id=\"80a219b\" data-element_type=\"widget\" data-e-type=\"widget\" data-widget_type=\"text-editor.default\">\n\t\t\t\t\t\t\t\t\t<p>Plus qu&rsquo;une location, une immersion dans le meilleur de notre r\u00e9gion.<\/p><p>En s\u00e9journant avec <b>AD Aura Serenity &amp; Co<\/b>, vous n&rsquo;\u00eates plus un simple visiteur : vous devenez un <b>Membre Invit\u00e9<\/b> de notre Club Privil\u00e8ge. Gr\u00e2ce \u00e0 notre \u00e9cosyst\u00e8me, le territoire s&rsquo;ouvre \u00e0 vous avec des avantages exclusifs.<\/p><p>\u2022 <b>Exp\u00e9riences \u00e0 Prix Privil\u00e8ge :<\/b> Profitez de remises imm\u00e9diates et\/ou de petites attentions chez nos <b>partenaires s\u00e9lectionn\u00e9s<\/b> (tables gourmandes, activit\u00e9s de loisirs, bien-\u00eatre, boutiques locales &#8230;.).<\/p><p>\u2022 <b>Services de Conciergerie Facilit\u00e9s :<\/b> Besoin d&rsquo;un chef \u00e0 domicile, d&rsquo;un transfert ou d&rsquo;un service de m\u00e9nage suppl\u00e9mentaire ? Acc\u00e9dez \u00e0 notre r\u00e9seau de <b>prestataires de confiance<\/b> \u00e0 des tarifs pr\u00e9f\u00e9rentiels.<\/p><p>\u2022 <b>Privil\u00e8ge Ambassadeur :<\/b> Le voyage ne s&rsquo;arr\u00eate pas \u00e0 votre d\u00e9part. En tant qu&rsquo;ancien locataire, vous conservez votre acc\u00e8s au Club et pouvez m\u00eame en faire b\u00e9n\u00e9ficier vos proches (amis, famille) pour leurs propres vacances.<\/p><p><b>Gr\u00e2ce au Club Privil\u00e8ge, vivez la destination comme un habitu\u00e9 et profitez du meilleur r\u00e9seau local, avant, pendant et apr\u00e8s votre s\u00e9jour.\u00a0\u00bb<\/b><\/p>\t\t\t\t\t\t\t\t<\/div>\n\t\t\t\t<div class=\"elementor-element elementor-element-ba8b0bd elementor-widget elementor-widget-text-editor\" data-id=\"ba8b0bd\" data-element_type=\"widget\" data-e-type=\"widget\" data-widget_type=\"text-editor.default\">\n\t\t\t\t\t\t\t\t\t<p>\u00a0<\/p><p><em><strong>Cet abonnement est offert gracieusement \u00e0 nos propri\u00e9taires, prestataires, partenaires et voyageurs durant leur s\u00e9jour. <\/strong><\/em><\/p><p><em><strong>Si vous ne faites pas encore partie de ce cercle privil\u00e9gi\u00e9, acc\u00e9dez d\u00e8s aujourd&rsquo;hui \u00e0 notre univers exclusif.\u00a0<\/strong><\/em><\/p>\t\t\t\t\t\t\t\t<\/div>\n\t\t\t\t<div class=\"elementor-element elementor-element-d3c6a4c elementor-widget elementor-widget-heading\" data-id=\"d3c6a4c\" data-element_type=\"widget\" data-e-type=\"widget\" data-widget_type=\"heading.default\">\n\t\t\t\t\t<h2 class=\"elementor-heading-title elementor-size-default\">DEVENEZ MEMBRE<\/h2>\t\t\t\t<\/div>\n\t\t\t\t<div class=\"elementor-element elementor-element-d0a1a1c elementor-widget elementor-widget-text-editor\" data-id=\"d0a1a1c\" data-element_type=\"widget\" data-e-type=\"widget\" data-widget_type=\"text-editor.default\">\n\t\t\t\t\t\t\t\t\t<p><em><strong>L&rsquo;adh\u00e9sion au club privil\u00e8ge devient votre porte d&rsquo;entr\u00e9e vers des services s\u00e9lectionn\u00e9s, des avantages \u00a0et une exp\u00e9rience d&rsquo;exception.<\/strong><\/em><\/p>\t\t\t\t\t\t\t\t<\/div>\n\t\t\t\t<div class=\"elementor-element elementor-element-7e7803c elementor-widget elementor-widget-text-editor\" data-id=\"7e7803c\" data-element_type=\"widget\" data-e-type=\"widget\" data-widget_type=\"text-editor.default\">\n\t\t\t\t\t\t\t\t\t<p>\u2022 <b>Devenez Prioritaire :<\/b> B\u00e9n\u00e9ficiez d&rsquo;accueils VIP et de r\u00e9ductions exclusives chez les meilleurs restaurateurs, prestataires de loisirs et artisans de la r\u00e9gion.<\/p><p>\u2022 <b>Service Centralis\u00e9 :<\/b> Ne perdez plus de temps \u00e0 chercher la qualit\u00e9. Nous avons d\u00e9j\u00e0 s\u00e9lectionn\u00e9 le meilleur pour vous.<\/p><p>\u2022 <b>\u00c9conomies Garanties :<\/b> Un abonnement rentabilis\u00e9 d\u00e8s vos premi\u00e8res sorties gr\u00e2ce \u00e0 nos avantages n\u00e9goci\u00e9s.<\/p><p>\ud83d\udcb3<b> L&rsquo;Offre d&rsquo;Abonnement<\/b><\/p><p><b>Pass Annuel Cercle Privil\u00e8ge<\/b> <b>19,99 \u20ac \/ mois<\/b> (Engagement 12 mois) <b>Inclus dans votre abonnement :<\/b> \u2705 Acc\u00e8s complet \u00e0 la page priv\u00e9e des partenaires.<\/p><p>\u2705 D\u00e9livrance illimit\u00e9e de Pass Privil\u00e8ges via WhatsApp.<\/p><p>\u2705 Support conciergerie pour vos r\u00e9servations partenaires.<\/p>\t\t\t\t\t\t\t\t<\/div>\n\t\t\t\t<div class=\"elementor-element elementor-element-f31e4e6 elementor-widget elementor-widget-heading\" data-id=\"f31e4e6\" data-element_type=\"widget\" data-e-type=\"widget\" data-widget_type=\"heading.default\">\n\t\t\t\t\t<h2 class=\"elementor-heading-title elementor-size-default\">REJOINDRE LE CLUB MAINTENANT <\/h2>\t\t\t\t<\/div>\n\t\t\t\t<div class=\"elementor-element elementor-element-62a69a7 elementor-widget__width-initial elementor-button-align-stretch elementor-widget elementor-widget-form\" data-id=\"62a69a7\" data-element_type=\"widget\" data-e-type=\"widget\" data-settings=\"{&quot;step_next_label&quot;:&quot;Suivant&quot;,&quot;step_previous_label&quot;:&quot;Pr\\u00e9c\\u00e9dent&quot;,&quot;button_width&quot;:&quot;100&quot;,&quot;step_type&quot;:&quot;number_text&quot;,&quot;step_icon_shape&quot;:&quot;circle&quot;}\" data-widget_type=\"form.default\">\n\t\t\t\t\t\t\t<form class=\"elementor-form\" method=\"post\" name=\"Adh\u00e9sion Club Privil\u00e8ge\" aria-label=\"Adh\u00e9sion Club Privil\u00e8ge\">\n\t\t\t<input type=\"hidden\" name=\"post_id\" value=\"2227\"\/>\n\t\t\t<input type=\"hidden\" name=\"form_id\" value=\"62a69a7\"\/>\n\t\t\t<input type=\"hidden\" name=\"referer_title\" value=\"CLUB PRIVILEGES - AD Aura Serenity &amp; Co - Conciergerie Premium\" \/>\n\n\t\t\t\t\t\t\t<input type=\"hidden\" name=\"queried_id\" value=\"2227\"\/>\n\t\t\t\n\t\t\t<div class=\"elementor-form-fields-wrapper elementor-labels-above\">\n\t\t\t\t\t\t\t\t<div class=\"elementor-field-type-text elementor-field-group elementor-column elementor-field-group-name elementor-col-100 elementor-field-required elementor-mark-required\">\n\t\t\t\t\t\t\t\t\t\t\t\t<label for=\"form-field-name\" class=\"elementor-field-label\">\n\t\t\t\t\t\t\t\tNom\t\t\t\t\t\t\t<\/label>\n\t\t\t\t\t\t\t\t\t\t\t\t\t\t<input size=\"1\" type=\"text\" name=\"form_fields[name]\" id=\"form-field-name\" class=\"elementor-field elementor-size-sm  elementor-field-textual\" placeholder=\"Nom\" required=\"required\">\n\t\t\t\t\t\t\t\t\t\t\t<\/div>\n\t\t\t\t\t\t\t\t<div class=\"elementor-field-type-text elementor-field-group elementor-column elementor-field-group-field_b59b832 elementor-col-100 elementor-field-required elementor-mark-required\">\n\t\t\t\t\t\t\t\t\t\t\t\t<label for=\"form-field-field_b59b832\" class=\"elementor-field-label\">\n\t\t\t\t\t\t\t\tPr\u00e9nom\t\t\t\t\t\t\t<\/label>\n\t\t\t\t\t\t\t\t\t\t\t\t\t\t<input size=\"1\" type=\"text\" name=\"form_fields[field_b59b832]\" id=\"form-field-field_b59b832\" class=\"elementor-field elementor-size-sm  elementor-field-textual\" placeholder=\"Pr\u00e9nom\" required=\"required\">\n\t\t\t\t\t\t\t\t\t\t\t<\/div>\n\t\t\t\t\t\t\t\t<div class=\"elementor-field-type-email elementor-field-group elementor-column elementor-field-group-email elementor-col-100 elementor-field-required elementor-mark-required\">\n\t\t\t\t\t\t\t\t\t\t\t\t<label for=\"form-field-email\" class=\"elementor-field-label\">\n\t\t\t\t\t\t\t\tE-mail\t\t\t\t\t\t\t<\/label>\n\t\t\t\t\t\t\t\t\t\t\t\t\t\t<input size=\"1\" type=\"email\" name=\"form_fields[email]\" id=\"form-field-email\" class=\"elementor-field elementor-size-sm  elementor-field-textual\" placeholder=\"E-mail\" required=\"required\">\n\t\t\t\t\t\t\t\t\t\t\t<\/div>\n\t\t\t\t\t\t\t\t<div class=\"elementor-field-type-tel elementor-field-group elementor-column elementor-field-group-field_8ed5870 elementor-col-100 elementor-field-required elementor-mark-required\">\n\t\t\t\t\t\t\t\t\t\t\t\t<label for=\"form-field-field_8ed5870\" class=\"elementor-field-label\">\n\t\t\t\t\t\t\t\tTel.\t\t\t\t\t\t\t<\/label>\n\t\t\t\t\t\t\t\t<input size=\"1\" type=\"tel\" name=\"form_fields[field_8ed5870]\" id=\"form-field-field_8ed5870\" class=\"elementor-field elementor-size-sm  elementor-field-textual\" placeholder=\"+33600000000\" required=\"required\" pattern=\"[0-9()#&amp;+*-=.]+\" title=\"Seuls les caract\u00e8res de num\u00e9ros de t\u00e9l\u00e9phone (#, -, *, etc.) sont accept\u00e9s.\">\n\n\t\t\t\t\t\t<\/div>\n\t\t\t\t\t\t\t\t<div class=\"elementor-field-type-textarea elementor-field-group elementor-column elementor-field-group-message elementor-col-100 elementor-field-required elementor-mark-required\">\n\t\t\t\t\t\t\t\t\t\t\t\t<label for=\"form-field-message\" class=\"elementor-field-label\">\n\t\t\t\t\t\t\t\tMessage\t\t\t\t\t\t\t<\/label>\n\t\t\t\t\t\t<textarea class=\"elementor-field-textual elementor-field  elementor-size-sm\" name=\"form_fields[message]\" id=\"form-field-message\" rows=\"4\" placeholder=\"Message\" required=\"required\"><\/textarea>\t\t\t\t<\/div>\n\t\t\t\t\t\t\t\t<div class=\"elementor-field-group elementor-column elementor-field-type-submit elementor-col-100 e-form__buttons\">\n\t\t\t\t\t<button class=\"elementor-button elementor-size-sm\" type=\"submit\">\n\t\t\t\t\t\t<span class=\"elementor-button-content-wrapper\">\n\t\t\t\t\t\t\t\t\t\t\t\t\t\t\t\t\t\t\t\t\t\t<span class=\"elementor-button-text\">Envoyer<\/span>\n\t\t\t\t\t\t\t\t\t\t\t\t\t<\/span>\n\t\t\t\t\t<\/button>\n\t\t\t\t<\/div>\n\t\t\t<\/div>\n\t\t<\/form>\n\t\t\t\t\t\t<\/div>\n\t\t<div class=\"elementor-element elementor-element-e2b2bf7 e-con-full e-flex e-con e-child\" data-id=\"e2b2bf7\" data-element_type=\"container\" data-e-type=\"container\">\n\t\t\t\t<div class=\"elementor-element elementor-element-7a8e013 elementor-widget elementor-widget-heading\" data-id=\"7a8e013\" data-element_type=\"widget\" data-e-type=\"widget\" data-widget_type=\"heading.default\">\n\t\t\t\t\t<h2 class=\"elementor-heading-title elementor-size-default\">Le Club Privil\u00e8ge en toute simplicit\u00e9<\/h2>\t\t\t\t<\/div>\n\t\t\t\t<div class=\"elementor-element elementor-element-99b1585 elementor-widget elementor-widget-text-editor\" data-id=\"99b1585\" data-element_type=\"widget\" data-e-type=\"widget\" data-widget_type=\"text-editor.default\">\n\t\t\t\t\t\t\t\t\t<ul><li>Comment obtenir votre acc\u00e8s ?<\/li><li>Propri\u00e9taires &amp; Partenaires : Remis d\u00e8s le d\u00e9but de notre collaboration.<\/li><li>Voyageurs : Code envoy\u00e9 automatiquement d\u00e8s votre r\u00e9servation pay\u00e9e.<\/li><\/ul>\t\t\t\t\t\t\t\t<\/div>\n\t\t\t\t<div class=\"elementor-element elementor-element-12782c2 elementor-widget elementor-widget-heading\" data-id=\"12782c2\" data-element_type=\"widget\" data-e-type=\"widget\" data-widget_type=\"heading.default\">\n\t\t\t\t\t<h2 class=\"elementor-heading-title elementor-size-default\">Comment profiter de vos avantages ?<\/h2>\t\t\t\t<\/div>\n\t\t\t\t<div class=\"elementor-element elementor-element-1116a1d elementor-widget elementor-widget-text-editor\" data-id=\"1116a1d\" data-element_type=\"widget\" data-e-type=\"widget\" data-widget_type=\"text-editor.default\">\n\t\t\t\t\t\t\t\t\t<p>1. Choisissez votre partenaire ou prestataire dans notre espace.<br \/>2. Envoyez-nous un message sur WhatsApp.<br \/>3. Recevez votre Pass digital et profitez de votre offre !<\/p><p>C&rsquo;est aussi simple que \u00e7a.<\/p>\t\t\t\t\t\t\t\t<\/div>\n\t\t\t\t<\/div>\n\t\t\t\t<div class=\"elementor-element elementor-element-9f50cf1 elementor-widget elementor-widget-text-editor\" data-id=\"9f50cf1\" data-element_type=\"widget\" data-e-type=\"widget\" data-widget_type=\"text-editor.default\">\n\t\t\t\t\t\t\t\t\t<p><b>Le conseil AD Aura Serenity &amp; CO <\/b><\/p><p>\u00a0En passant par nous, vous n&rsquo;avez rien \u00e0 g\u00e9rer. Nous v\u00e9rifions les disponibilit\u00e9s pour vous et vous assurons le meilleur accueil au sein de notre r\u00e9seau.<\/p>\t\t\t\t\t\t\t\t<\/div>\n\t\t\t\t\t<\/div>\n\t\t\t\t<\/div>\n\t\t\t\t<\/div>\n\t\t","protected":false},"excerpt":{"rendered":"<p>CLUB PRIVILEGE EN COURS DE CR\u00c9ATION Club Privil\u00e8ge AD Aura Serenity &amp; Co : Tous unis dans un \u00e9cosyst\u00e8me o\u00f9 chaque membre est gagnant\u00a0 Bienvenue dans un r\u00e9seau exclusif o\u00f9 la synergie locale cr\u00e9e de l&rsquo;exceptionnel. Le Club Privil\u00e8ge AD Aura Serenity &amp; Co n&rsquo;est pas qu&rsquo;un simple programme de fid\u00e9lit\u00e9 : c&rsquo;est un v\u00e9ritable [&hellip;]<\/p>\n","protected":false},"author":1,"featured_media":0,"parent":0,"menu_order":0,"comment_status":"closed","ping_status":"closed","template":"elementor_header_footer","meta":{"_uag_custom_page_level_css":"","footnotes":""},"class_list":["post-2227","page","type-page","status-publish","hentry"],"_hostinger_reach_plugin_has_subscription_block":false,"_hostinger_reach_plugin_is_elementor":false,"uagb_featured_image_src":{"full":false,"thumbnail":false,"medium":false,"medium_large":false,"large":false,"1536x1536":false,"2048x2048":false,"trp-custom-language-flag":false},"uagb_author_info":{"display_name":"AD Aura Serenity &amp; Co","author_link":"https:\/\/adauraserenity-conciergerie.com\/en\/author\/dorsy-mattgmail-com\/"},"uagb_comment_info":0,"uagb_excerpt":"CLUB PRIVILEGE EN COURS DE CR\u00c9ATION Club Privil\u00e8ge AD Aura Serenity &amp; Co : Tous unis dans un \u00e9cosyst\u00e8me o\u00f9 chaque membre est gagnant\u00a0 Bienvenue dans un r\u00e9seau exclusif o\u00f9 la synergie locale cr\u00e9e de l&rsquo;exceptionnel. Le Club Privil\u00e8ge AD Aura Serenity &amp; Co n&rsquo;est pas qu&rsquo;un simple programme de fid\u00e9lit\u00e9 : c&rsquo;est un v\u00e9ritable&hellip;","_links":{"self":[{"href":"https:\/\/adauraserenity-conciergerie.com\/en\/wp-json\/wp\/v2\/pages\/2227","targetHints":{"allow":["GET"]}}],"collection":[{"href":"https:\/\/adauraserenity-conciergerie.com\/en\/wp-json\/wp\/v2\/pages"}],"about":[{"href":"https:\/\/adauraserenity-conciergerie.com\/en\/wp-json\/wp\/v2\/types\/page"}],"author":[{"embeddable":true,"href":"https:\/\/adauraserenity-conciergerie.com\/en\/wp-json\/wp\/v2\/users\/1"}],"replies":[{"embeddable":true,"href":"https:\/\/adauraserenity-conciergerie.com\/en\/wp-json\/wp\/v2\/comments?post=2227"}],"version-history":[{"count":39,"href":"https:\/\/adauraserenity-conciergerie.com\/en\/wp-json\/wp\/v2\/pages\/2227\/revisions"}],"predecessor-version":[{"id":2794,"href":"https:\/\/adauraserenity-conciergerie.com\/en\/wp-json\/wp\/v2\/pages\/2227\/revisions\/2794"}],"wp:attachment":[{"href":"https:\/\/adauraserenity-conciergerie.com\/en\/wp-json\/wp\/v2\/media?parent=2227"}],"curies":[{"name":"wp","href":"https:\/\/api.w.org\/{rel}","templated":true}]}}