{"id":2239,"date":"2026-04-15T14:18:18","date_gmt":"2026-04-15T13:18:18","guid":{"rendered":"https:\/\/adauraserenity-conciergerie.com\/?page_id=2239"},"modified":"2026-04-15T15:49:42","modified_gmt":"2026-04-15T14:49:42","slug":"prestations-menage-linge-consommables","status":"publish","type":"page","link":"https:\/\/adauraserenity-conciergerie.com\/en\/services-premium\/prestations-menage-linge-consommables\/","title":{"rendered":"MENAGE &#038; LINGE &#038; CONSOMMABLES"},"content":{"rendered":"<div data-elementor-type=\"wp-page\" data-elementor-id=\"2239\" class=\"elementor elementor-2239\" data-elementor-post-type=\"page\">\n\t\t\t\t<div class=\"elementor-element elementor-element-651b07f e-flex e-con-boxed e-con e-parent\" data-id=\"651b07f\" data-element_type=\"container\" data-e-type=\"container\">\n\t\t\t\t\t<div class=\"e-con-inner\">\n\t\t\t\t<div class=\"elementor-element elementor-element-a9968c5 elementor-widget elementor-widget-text-editor\" data-id=\"a9968c5\" data-element_type=\"widget\" data-e-type=\"widget\" data-widget_type=\"text-editor.default\">\n\t\t\t\t\t\t\t\t\t<p>PRESTATION<\/p><p>MENAGE &amp; LINGE &amp; CONSOMMABLES PAR SEJOUR<\/p>\t\t\t\t\t\t\t\t<\/div>\n\t\t\t\t<div class=\"elementor-element elementor-element-78bf145 elementor-widget elementor-widget-image\" data-id=\"78bf145\" data-element_type=\"widget\" data-e-type=\"widget\" data-widget_type=\"image.default\">\n\t\t\t\t\t\t\t\t\t\t\t\t\t\t\t<img fetchpriority=\"high\" decoding=\"async\" width=\"1050\" height=\"577\" src=\"https:\/\/adauraserenity-conciergerie.com\/wp-content\/uploads\/2026\/04\/IMG_0892.webp\" class=\"attachment-full size-full wp-image-2243\" alt=\"\" srcset=\"https:\/\/adauraserenity-conciergerie.com\/wp-content\/uploads\/2026\/04\/IMG_0892.webp 1050w, https:\/\/adauraserenity-conciergerie.com\/wp-content\/uploads\/2026\/04\/IMG_0892-300x165.webp 300w, https:\/\/adauraserenity-conciergerie.com\/wp-content\/uploads\/2026\/04\/IMG_0892-1024x563.webp 1024w, https:\/\/adauraserenity-conciergerie.com\/wp-content\/uploads\/2026\/04\/IMG_0892-768x422.webp 768w\" sizes=\"(max-width: 1050px) 100vw, 1050px\" \/>\t\t\t\t\t\t\t\t\t\t\t\t\t\t\t<\/div>\n\t\t\t\t<div class=\"elementor-element elementor-element-2c23306 elementor-widget elementor-widget-heading\" data-id=\"2c23306\" data-element_type=\"widget\" data-e-type=\"widget\" data-widget_type=\"heading.default\">\n\t\t\t\t\t<h2 class=\"elementor-heading-title elementor-size-default\">\"AD Aura Serenity \u2013 Conciergerie Premium\" assure, \u00e0 chaque s\u00e9jour, un service de m\u00e9nage professionnel irr\u00e9prochable, garantissant un logement parfaitement pr\u00e9par\u00e9, impeccable et pr\u00eat \u00e0 vous accueillir ou recevoir vos voyageurs dans les meilleures conditions. <br><\/h2>\t\t\t\t<\/div>\n\t\t\t\t<div class=\"elementor-element elementor-element-a8f3f6e elementor-widget elementor-widget-text-editor\" data-id=\"a8f3f6e\" data-element_type=\"widget\" data-e-type=\"widget\" data-widget_type=\"text-editor.default\">\n\t\t\t\t\t\t\t\t\t<p>Entre chaque location, notre prestation de m\u00e9nage sublime votre int\u00e9rieur avec soin et raffinement : chaque pi\u00e8ce est impeccablement entretenue, le linge est lav\u00e9 et repass\u00e9 avec attention, les produits professionnels et consommables sont fournis, pour offrir \u00e0 vos prochains occupants un logement lumineux, sain et pr\u00eat \u00e0 vivre une exp\u00e9rience de confort absolu.\u00a0<\/p>\t\t\t\t\t\t\t\t<\/div>\n\t\t\t\t\t<\/div>\n\t\t\t\t<\/div>\n\t\t<div class=\"elementor-element elementor-element-cdcd68e e-flex e-con-boxed e-con e-parent\" data-id=\"cdcd68e\" data-element_type=\"container\" data-e-type=\"container\">\n\t\t\t\t\t<div class=\"e-con-inner\">\n\t\t\t\t<div class=\"elementor-element elementor-element-86845b5 elementor-widget__width-initial elementor-widget-mobile__width-initial elementor-widget elementor-widget-price-list\" data-id=\"86845b5\" data-element_type=\"widget\" data-e-type=\"widget\" data-widget_type=\"price-list.default\">\n\t\t\t\t\t\n\t\t<ul class=\"elementor-price-list\">\n\n\t\t\t\t\t\t\t\t\t<li><a class=\"elementor-price-list-item\" href=\"#\">\t\t\t\t\n\t\t\t\t<div class=\"elementor-price-list-text\">\n\t\t\t\t\t\t\t\t\t<div class=\"elementor-price-list-header\">\n\t\t\t\t\t\t\t\t\t\t\t<span class=\"elementor-price-list-title\">\n\t\t\t\t\t\t\tStudio 1-2 pers.\t\t\t\t\t\t<\/span>\n\t\t\t\t\t\t\t\t\t\t\t\t\t\t\t\t\t\t<span class=\"elementor-price-list-separator\"><\/span>\n\t\t\t\t\t\t\t\t\t\t\t\t\t\t\t\t\t\t\t<span class=\"elementor-price-list-price\">60 \u20ac TTC<\/span>\n\t\t\t\t\t\t\t\t\t\t<\/div>\n\t\t\t\t\t\t\t\t\t\t\t\t\t\t\t<p class=\"elementor-price-list-description\">\n\t\t\t\t\t\t\tM\u00e9nage complet & Linge & Consommables par s\u00e9jour\t\t\t\t\t\t<\/p>\n\t\t\t\t\t\t\t\t<\/div>\n\t\t\t\t<\/a><\/li>\t\t\t\t\t\t\t\t\t\t\t\t<li><a class=\"elementor-price-list-item\" href=\"#\">\t\t\t\t\n\t\t\t\t<div class=\"elementor-price-list-text\">\n\t\t\t\t\t\t\t\t\t<div class=\"elementor-price-list-header\">\n\t\t\t\t\t\t\t\t\t\t\t<span class=\"elementor-price-list-title\">\n\t\t\t\t\t\t\tStudio 3-4 pers.\t\t\t\t\t\t<\/span>\n\t\t\t\t\t\t\t\t\t\t\t\t\t\t\t\t\t\t<span class=\"elementor-price-list-separator\"><\/span>\n\t\t\t\t\t\t\t\t\t\t\t\t\t\t\t\t\t\t\t<span class=\"elementor-price-list-price\">70 \u20ac TTC<\/span>\n\t\t\t\t\t\t\t\t\t\t<\/div>\n\t\t\t\t\t\t\t\t\t\t\t\t\t\t\t<p class=\"elementor-price-list-description\">\n\t\t\t\t\t\t\tM\u00e9nage complet & Linge & Consommables par s\u00e9jour\t\t\t\t\t\t<\/p>\n\t\t\t\t\t\t\t\t<\/div>\n\t\t\t\t<\/a><\/li>\t\t\t\t\t\t\t\t\t\t\t\t<li><a class=\"elementor-price-list-item\" href=\"#\">\t\t\t\t\n\t\t\t\t<div class=\"elementor-price-list-text\">\n\t\t\t\t\t\t\t\t\t<div class=\"elementor-price-list-header\">\n\t\t\t\t\t\t\t\t\t\t\t<span class=\"elementor-price-list-title\">\n\t\t\t\t\t\t\t2 pi\u00e8ces 1-2 pers.\t\t\t\t\t\t<\/span>\n\t\t\t\t\t\t\t\t\t\t\t\t\t\t\t\t\t\t<span class=\"elementor-price-list-separator\"><\/span>\n\t\t\t\t\t\t\t\t\t\t\t\t\t\t\t\t\t\t\t<span class=\"elementor-price-list-price\">75 \u20ac TTC<\/span>\n\t\t\t\t\t\t\t\t\t\t<\/div>\n\t\t\t\t\t\t\t\t\t\t\t\t\t\t\t<p class=\"elementor-price-list-description\">\n\t\t\t\t\t\t\tM\u00e9nage complet & Linge & Consommables par s\u00e9jour\t\t\t\t\t\t<\/p>\n\t\t\t\t\t\t\t\t<\/div>\n\t\t\t\t<\/a><\/li>\t\t\t\t\t\t\t\t\t\t\t\t<li><a class=\"elementor-price-list-item\" href=\"#\">\t\t\t\t\n\t\t\t\t<div class=\"elementor-price-list-text\">\n\t\t\t\t\t\t\t\t\t<div class=\"elementor-price-list-header\">\n\t\t\t\t\t\t\t\t\t\t\t<span class=\"elementor-price-list-title\">\n\t\t\t\t\t\t\t3 pi\u00e8ces -  4 pers.\t\t\t\t\t\t<\/span>\n\t\t\t\t\t\t\t\t\t\t\t\t\t\t\t\t\t\t<span class=\"elementor-price-list-separator\"><\/span>\n\t\t\t\t\t\t\t\t\t\t\t\t\t\t\t\t\t\t\t<span class=\"elementor-price-list-price\">100 \u20ac TTC<\/span>\n\t\t\t\t\t\t\t\t\t\t<\/div>\n\t\t\t\t\t\t\t\t\t\t\t\t\t\t\t<p class=\"elementor-price-list-description\">\n\t\t\t\t\t\t\tM\u00e9nage complet & Linge & Consommables par s\u00e9jour\t\t\t\t\t\t<\/p>\n\t\t\t\t\t\t\t\t<\/div>\n\t\t\t\t<\/a><\/li>\t\t\t\t\t\t\t\t\t\t\t\t<li><a class=\"elementor-price-list-item\" href=\"#\">\t\t\t\t\n\t\t\t\t<div class=\"elementor-price-list-text\">\n\t\t\t\t\t\t\t\t\t<div class=\"elementor-price-list-header\">\n\t\t\t\t\t\t\t\t\t\t\t<span class=\"elementor-price-list-title\">\n\t\t\t\t\t\t\t3 pi\u00e8ces - 6 pers.\t\t\t\t\t\t<\/span>\n\t\t\t\t\t\t\t\t\t\t\t\t\t\t\t\t\t\t<span class=\"elementor-price-list-separator\"><\/span>\n\t\t\t\t\t\t\t\t\t\t\t\t\t\t\t\t\t\t\t<span class=\"elementor-price-list-price\">115 \u20ac TTC<\/span>\n\t\t\t\t\t\t\t\t\t\t<\/div>\n\t\t\t\t\t\t\t\t\t\t\t\t\t\t\t<p class=\"elementor-price-list-description\">\n\t\t\t\t\t\t\tM\u00e9nage complet & Linge & Consommables par s\u00e9jour\t\t\t\t\t\t<\/p>\n\t\t\t\t\t\t\t\t<\/div>\n\t\t\t\t<\/a><\/li>\t\t\t\t\t\t\t\t\t\t\t\t<li><a class=\"elementor-price-list-item\" href=\"#\">\t\t\t\t\n\t\t\t\t<div class=\"elementor-price-list-text\">\n\t\t\t\t\t\t\t\t\t<div class=\"elementor-price-list-header\">\n\t\t\t\t\t\t\t\t\t\t\t<span class=\"elementor-price-list-title\">\n\t\t\t\t\t\t\t4 pi\u00e8ces  6-8 pers.\t\t\t\t\t\t<\/span>\n\t\t\t\t\t\t\t\t\t\t\t\t\t\t\t\t\t\t<span class=\"elementor-price-list-separator\"><\/span>\n\t\t\t\t\t\t\t\t\t\t\t\t\t\t\t\t\t\t\t<span class=\"elementor-price-list-price\">150 \u20ac TTC<\/span>\n\t\t\t\t\t\t\t\t\t\t<\/div>\n\t\t\t\t\t\t\t\t\t\t\t\t\t\t\t<p class=\"elementor-price-list-description\">\n\t\t\t\t\t\t\tM\u00e9nage complet & Linge & Consommables par s\u00e9jour\t\t\t\t\t\t<\/p>\n\t\t\t\t\t\t\t\t<\/div>\n\t\t\t\t<\/a><\/li>\t\t\t\t\t\t\t\t\t\t\t\t<li><a class=\"elementor-price-list-item\" href=\"#\">\t\t\t\t\n\t\t\t\t<div class=\"elementor-price-list-text\">\n\t\t\t\t\t\t\t\t\t<div class=\"elementor-price-list-header\">\n\t\t\t\t\t\t\t\t\t\t\t<span class=\"elementor-price-list-title\">\n\t\t\t\t\t\t\t5 \u00e0 6 pi\u00e8ces\t\t\t\t\t\t<\/span>\n\t\t\t\t\t\t\t\t\t\t\t\t\t\t\t\t\t\t<span class=\"elementor-price-list-separator\"><\/span>\n\t\t\t\t\t\t\t\t\t\t\t\t\t\t\t\t\t\t\t<span class=\"elementor-price-list-price\">200 \u00e0 300 \u20ac (selon superficie)<\/span>\n\t\t\t\t\t\t\t\t\t\t<\/div>\n\t\t\t\t\t\t\t\t\t\t\t\t\t\t\t<p class=\"elementor-price-list-description\">\n\t\t\t\t\t\t\tM\u00e9nage complet & Linge & Consommables par s\u00e9jour\t\t\t\t\t\t<\/p>\n\t\t\t\t\t\t\t\t<\/div>\n\t\t\t\t<\/a><\/li>\t\t\t\t\t\t\t\t\t\t\t\t<li><a class=\"elementor-price-list-item\" href=\"#\">\t\t\t\t\n\t\t\t\t<div class=\"elementor-price-list-text\">\n\t\t\t\t\t\t\t\t\t<div class=\"elementor-price-list-header\">\n\t\t\t\t\t\t\t\t\t\t\t<span class=\"elementor-price-list-title\">\n\t\t\t\t\t\t\tVillas\t\t\t\t\t\t<\/span>\n\t\t\t\t\t\t\t\t\t\t\t\t\t\t\t\t\t\t<span class=\"elementor-price-list-separator\"><\/span>\n\t\t\t\t\t\t\t\t\t\t\t\t\t\t\t\t<\/div>\n\t\t\t\t\t\t\t\t\t\t\t\t\t\t\t<p class=\"elementor-price-list-description\">\n\t\t\t\t\t\t\t\u00a0Sur devis \u2013 prestations sur mesure \/ par s\u00e9jour\t\t\t\t\t\t<\/p>\n\t\t\t\t\t\t\t\t<\/div>\n\t\t\t\t<\/a><\/li>\t\t\t\t\t\t\t\t\t\t\t\t<li><a class=\"elementor-price-list-item\" href=\"#\">\t\t\t\t\n\t\t\t\t<div class=\"elementor-price-list-text\">\n\t\t\t\t\t\t\t\t\t<div class=\"elementor-price-list-header\">\n\t\t\t\t\t\t\t\t\t\t\t<span class=\"elementor-price-list-title\">\n\t\t\t\t\t\t\tBateaux - Yachts - Voiliers\t\t\t\t\t\t<\/span>\n\t\t\t\t\t\t\t\t\t\t\t\t\t\t\t\t\t\t<span class=\"elementor-price-list-separator\"><\/span>\n\t\t\t\t\t\t\t\t\t\t\t\t\t\t\t\t<\/div>\n\t\t\t\t\t\t\t\t\t\t\t\t\t\t\t<p class=\"elementor-price-list-description\">\n\t\t\t\t\t\t\tSur devis - prestation sur mesure \/ par s\u00e9jour\t\t\t\t\t\t<\/p>\n\t\t\t\t\t\t\t\t<\/div>\n\t\t\t\t<\/a><\/li>\t\t\t\t\t\n\t\t<\/ul>\n\n\t\t\t\t\t\t<\/div>\n\t\t\t\t<div class=\"elementor-element elementor-element-ec7648e elementor-widget elementor-widget-heading\" data-id=\"ec7648e\" data-element_type=\"widget\" data-e-type=\"widget\" data-widget_type=\"heading.default\">\n\t\t\t\t\t<h2 class=\"elementor-heading-title elementor-size-default\">REMISE EN ETAT AVANT OU APRES LOCATION <\/h2>\t\t\t\t<\/div>\n\t\t\t\t<div class=\"elementor-element elementor-element-9b1357c elementor-widget elementor-widget-image\" data-id=\"9b1357c\" data-element_type=\"widget\" data-e-type=\"widget\" data-widget_type=\"image.default\">\n\t\t\t\t\t\t\t\t\t\t\t\t\t\t\t<img decoding=\"async\" width=\"1046\" height=\"572\" src=\"https:\/\/adauraserenity-conciergerie.com\/wp-content\/uploads\/2026\/04\/Photo-remise-en-etat.webp\" class=\"attachment-2048x2048 size-2048x2048 wp-image-2242\" alt=\"\" srcset=\"https:\/\/adauraserenity-conciergerie.com\/wp-content\/uploads\/2026\/04\/Photo-remise-en-etat.webp 1046w, https:\/\/adauraserenity-conciergerie.com\/wp-content\/uploads\/2026\/04\/Photo-remise-en-etat-300x164.webp 300w, https:\/\/adauraserenity-conciergerie.com\/wp-content\/uploads\/2026\/04\/Photo-remise-en-etat-1024x560.webp 1024w, https:\/\/adauraserenity-conciergerie.com\/wp-content\/uploads\/2026\/04\/Photo-remise-en-etat-768x420.webp 768w\" sizes=\"(max-width: 1046px) 100vw, 1046px\" \/>\t\t\t\t\t\t\t\t\t\t\t\t\t\t\t<\/div>\n\t\t\t\t<div class=\"elementor-element elementor-element-59bab42 elementor-widget elementor-widget-text-editor\" data-id=\"59bab42\" data-element_type=\"widget\" data-e-type=\"widget\" data-widget_type=\"text-editor.default\">\n\t\t\t\t\t\t\t\t\t<p><em><strong>Offrez \u00e0 votre int\u00e9rieur l\u2019\u00e9clat de la Riviera : une remise en \u00e9tat profonde pour d\u00e9marrer ou cl\u00f4turer une saison d\u2019exception que ce soit pour vos futurs voyageurs ou pour le plaisir de retrouver votre espace sous son meilleur jour !<\/strong><\/em><\/p>\t\t\t\t\t\t\t\t<\/div>\n\t\t\t\t<div class=\"elementor-element elementor-element-9143299 elementor-widget elementor-widget-text-editor\" data-id=\"9143299\" data-element_type=\"widget\" data-e-type=\"widget\" data-widget_type=\"text-editor.default\">\n\t\t\t\t\t\t\t\t\t<p>Notre prestation de remise en \u00e9tat sublime votre int\u00e9rieur de fond en comble, id\u00e9ale pour d\u00e9marrer la saison, pour un nettoyage de printemps haut de gamme ou apr\u00e8s travaux. Chaque d\u00e9tail est pris en charge : cuisine \u00e9clatante, sanitaires impeccables, vitrerie \u00e9tincelante. Le r\u00e9sultat\u202f? Un espace sain, lumineux et pr\u00eat \u00e0 vous accueillir ou recevoir vos voyageurs les plus exigeants.<\/p>\t\t\t\t\t\t\t\t<\/div>\n\t\t\t\t<div class=\"elementor-element elementor-element-111d1a7 elementor-widget__width-initial elementor-widget elementor-widget-price-list\" data-id=\"111d1a7\" data-element_type=\"widget\" data-e-type=\"widget\" data-widget_type=\"price-list.default\">\n\t\t\t\t\t\n\t\t<ul class=\"elementor-price-list\">\n\n\t\t\t\t\t\t\t\t\t<li><a class=\"elementor-price-list-item\" href=\"#\">\t\t\t\t\n\t\t\t\t<div class=\"elementor-price-list-text\">\n\t\t\t\t\t\t\t\t\t<div class=\"elementor-price-list-header\">\n\t\t\t\t\t\t\t\t\t\t\t<span class=\"elementor-price-list-title\">\n\t\t\t\t\t\t\tRemise en \u00e9tat\t\t\t\t\t\t<\/span>\n\t\t\t\t\t\t\t\t\t\t\t\t\t\t\t\t\t\t<span class=\"elementor-price-list-separator\"><\/span>\n\t\t\t\t\t\t\t\t\t\t\t\t\t\t\t\t\t\t\t<span class=\"elementor-price-list-price\">Sur devis<\/span>\n\t\t\t\t\t\t\t\t\t\t<\/div>\n\t\t\t\t\t\t\t\t\t\t\t\t<\/div>\n\t\t\t\t<\/a><\/li>\t\t\t\t\t\n\t\t<\/ul>\n\n\t\t\t\t\t\t<\/div>\n\t\t\t\t<div class=\"elementor-element elementor-element-524cd85 elementor-widget elementor-widget-text-editor\" data-id=\"524cd85\" data-element_type=\"widget\" data-e-type=\"widget\" data-widget_type=\"text-editor.default\">\n\t\t\t\t\t\t\t\t\t<p>Le tarif de notre prestation est \u00e9tabli sur devis afin de s&rsquo;adapter \u00e0 chaque lieu de mani\u00e8re unique: nous prenons en compte la superficie, l&#8217;emplacement et l&rsquo;\u00e9tat g\u00e9n\u00e9ral, que ce soit un appartement, une villa, un immeuble, une cage d&rsquo;escalier ou un logement flottant, pour vous garantir un service sur mesure et d&rsquo;une qualit\u00e9 irr\u00e9prochable.<\/p>\t\t\t\t\t\t\t\t<\/div>\n\t\t\t\t\t<\/div>\n\t\t\t\t<\/div>\n\t\t\t\t<\/div>","protected":false},"excerpt":{"rendered":"<p>PRESTATION MENAGE &amp; LINGE &amp; CONSOMMABLES PAR SEJOUR \u00ab\u00a0AD Aura Serenity \u2013 Conciergerie Premium\u00a0\u00bb assure, \u00e0 chaque s\u00e9jour, un service de m\u00e9nage professionnel irr\u00e9prochable, garantissant un logement parfaitement pr\u00e9par\u00e9, impeccable et pr\u00eat \u00e0 vous accueillir ou recevoir vos voyageurs dans les meilleures conditions. Entre chaque location, notre prestation de m\u00e9nage sublime votre int\u00e9rieur avec soin [&hellip;]<\/p>\n","protected":false},"author":1,"featured_media":0,"parent":2444,"menu_order":2,"comment_status":"closed","ping_status":"closed","template":"elementor_header_footer","meta":{"_uag_custom_page_level_css":"","footnotes":""},"class_list":["post-2239","page","type-page","status-publish","hentry"],"_hostinger_reach_plugin_has_subscription_block":false,"_hostinger_reach_plugin_is_elementor":false,"uagb_featured_image_src":{"full":false,"thumbnail":false,"medium":false,"medium_large":false,"large":false,"1536x1536":false,"2048x2048":false,"trp-custom-language-flag":false},"uagb_author_info":{"display_name":"AD Aura Serenity &amp; Co","author_link":"https:\/\/adauraserenity-conciergerie.com\/en\/author\/dorsy-mattgmail-com\/"},"uagb_comment_info":0,"uagb_excerpt":"PRESTATION MENAGE &amp; LINGE &amp; CONSOMMABLES PAR SEJOUR \u00ab\u00a0AD Aura Serenity \u2013 Conciergerie Premium\u00a0\u00bb assure, \u00e0 chaque s\u00e9jour, un service de m\u00e9nage professionnel irr\u00e9prochable, garantissant un logement parfaitement pr\u00e9par\u00e9, impeccable et pr\u00eat \u00e0 vous accueillir ou recevoir vos voyageurs dans les meilleures conditions. Entre chaque location, notre prestation de m\u00e9nage sublime votre int\u00e9rieur avec soin&hellip;","_links":{"self":[{"href":"https:\/\/adauraserenity-conciergerie.com\/en\/wp-json\/wp\/v2\/pages\/2239","targetHints":{"allow":["GET"]}}],"collection":[{"href":"https:\/\/adauraserenity-conciergerie.com\/en\/wp-json\/wp\/v2\/pages"}],"about":[{"href":"https:\/\/adauraserenity-conciergerie.com\/en\/wp-json\/wp\/v2\/types\/page"}],"author":[{"embeddable":true,"href":"https:\/\/adauraserenity-conciergerie.com\/en\/wp-json\/wp\/v2\/users\/1"}],"replies":[{"embeddable":true,"href":"https:\/\/adauraserenity-conciergerie.com\/en\/wp-json\/wp\/v2\/comments?post=2239"}],"version-history":[{"count":33,"href":"https:\/\/adauraserenity-conciergerie.com\/en\/wp-json\/wp\/v2\/pages\/2239\/revisions"}],"predecessor-version":[{"id":2769,"href":"https:\/\/adauraserenity-conciergerie.com\/en\/wp-json\/wp\/v2\/pages\/2239\/revisions\/2769"}],"up":[{"embeddable":true,"href":"https:\/\/adauraserenity-conciergerie.com\/en\/wp-json\/wp\/v2\/pages\/2444"}],"wp:attachment":[{"href":"https:\/\/adauraserenity-conciergerie.com\/en\/wp-json\/wp\/v2\/media?parent=2239"}],"curies":[{"name":"wp","href":"https:\/\/api.w.org\/{rel}","templated":true}]}}