{"id":2681,"date":"2026-04-16T12:35:15","date_gmt":"2026-04-16T11:35:15","guid":{"rendered":"https:\/\/adauraserenity-conciergerie.com\/?page_id=2681"},"modified":"2026-04-18T22:21:26","modified_gmt":"2026-04-18T21:21:26","slug":"mentions-legales","status":"publish","type":"page","link":"https:\/\/adauraserenity-conciergerie.com\/en\/mentions-legales\/","title":{"rendered":"MENTIONS L\u00c9GALES"},"content":{"rendered":"<div data-elementor-type=\"wp-page\" data-elementor-id=\"2681\" class=\"elementor elementor-2681\" data-elementor-post-type=\"page\">\n\t\t\t\t<div class=\"elementor-element elementor-element-3fd5193 e-flex e-con-boxed e-con e-parent\" data-id=\"3fd5193\" data-element_type=\"container\" data-e-type=\"container\">\n\t\t\t\t\t<div class=\"e-con-inner\">\n\t\t\t\t<div class=\"elementor-element elementor-element-1fb1530 elementor-widget elementor-widget-heading\" data-id=\"1fb1530\" data-element_type=\"widget\" data-e-type=\"widget\" data-widget_type=\"heading.default\">\n\t\t\t\t\t<h2 class=\"elementor-heading-title elementor-size-default\">MENTIONS LEGALES<\/h2>\t\t\t\t<\/div>\n\t\t\t\t\t<\/div>\n\t\t\t\t<\/div>\n\t\t<div class=\"elementor-element elementor-element-dcc9645 e-flex e-con-boxed e-con e-parent\" data-id=\"dcc9645\" data-element_type=\"container\" data-e-type=\"container\">\n\t\t\t\t\t<div class=\"e-con-inner\">\n\t\t\t\t<div class=\"elementor-element elementor-element-1bb863a elementor-widget elementor-widget-heading\" data-id=\"1bb863a\" data-element_type=\"widget\" data-e-type=\"widget\" data-widget_type=\"heading.default\">\n\t\t\t\t\t<h2 class=\"elementor-heading-title elementor-size-default\">\ud83c\udfdb\ufe0f Editeur du site <\/h2>\t\t\t\t<\/div>\n\t\t\t\t\t<\/div>\n\t\t\t\t<\/div>\n\t\t<div class=\"elementor-element elementor-element-e55fc3f e-flex e-con-boxed e-con e-parent\" data-id=\"e55fc3f\" data-element_type=\"container\" data-e-type=\"container\">\n\t\t\t\t\t<div class=\"e-con-inner\">\n\t\t\t\t<div class=\"elementor-element elementor-element-35a0291 elementor-widget elementor-widget-text-editor\" data-id=\"35a0291\" data-element_type=\"widget\" data-e-type=\"widget\" data-widget_type=\"text-editor.default\">\n\t\t\t\t\t\t\t\t\t<p><span style=\"text-decoration: underline;\"><em><strong>Le pr\u00e9sent site est \u00e9dit\u00e9 par <\/strong><\/em><\/span>:\u00a0<\/p><p>AD Aura Serenity &amp; Co<\/p><p>Soci\u00e9t\u00e9 par Actions Simplifi\u00e9e<\/p><p><span style=\"text-decoration: underline;\"><em><strong>Nom Commercial<\/strong><\/em> <\/span>: AD Aura Serenity &#8211; Conciergerie Premium<\/p><p><span style=\"text-decoration: underline;\"><em><strong>Si\u00e8ge social<\/strong><\/em><\/span> :\u00a0<\/p><p>455 Promenade des Anglais, Immeuble Nier Premier, 06200 NICE &#8211; FRANCE<\/p><p>RCS Nice : 102 462 116<\/p><p>SIREN : 102 462 116<\/p>\t\t\t\t\t\t\t\t<\/div>\n\t\t\t\t\t<\/div>\n\t\t\t\t<\/div>\n\t\t<div class=\"elementor-element elementor-element-677d23d e-flex e-con-boxed e-con e-parent\" data-id=\"677d23d\" data-element_type=\"container\" data-e-type=\"container\">\n\t\t\t\t\t<div class=\"e-con-inner\">\n\t\t\t\t<div class=\"elementor-element elementor-element-33c2244 elementor-widget elementor-widget-heading\" data-id=\"33c2244\" data-element_type=\"widget\" data-e-type=\"widget\" data-widget_type=\"heading.default\">\n\t\t\t\t\t<h2 class=\"elementor-heading-title elementor-size-default\">\ud83d\udccdContact<\/h2>\t\t\t\t<\/div>\n\t\t\t\t<div class=\"elementor-element elementor-element-cdf324b elementor-widget elementor-widget-text-editor\" data-id=\"cdf324b\" data-element_type=\"widget\" data-e-type=\"widget\" data-widget_type=\"text-editor.default\">\n\t\t\t\t\t\t\t\t\t<p><span style=\"text-decoration: underline;\"><em><strong>Email <\/strong><\/em><\/span><em><strong>: <\/strong><\/em>contact@adauraserenity-conciergerie.com<\/p><p><span style=\"text-decoration: underline;\"><em><strong>T\u00e9l\u00e9phone<\/strong><\/em><\/span> : +33667214255<\/p>\t\t\t\t\t\t\t\t<\/div>\n\t\t\t\t\t<\/div>\n\t\t\t\t<\/div>\n\t\t<div class=\"elementor-element elementor-element-30d4002 e-flex e-con-boxed e-con e-parent\" data-id=\"30d4002\" data-element_type=\"container\" data-e-type=\"container\">\n\t\t\t\t\t<div class=\"e-con-inner\">\n\t\t\t\t<div class=\"elementor-element elementor-element-e5c02c5 elementor-widget elementor-widget-heading\" data-id=\"e5c02c5\" data-element_type=\"widget\" data-e-type=\"widget\" data-widget_type=\"heading.default\">\n\t\t\t\t\t<h2 class=\"elementor-heading-title elementor-size-default\">\ud83c\udf10 H\u00e9bergement<\/h2>\t\t\t\t<\/div>\n\t\t\t\t<div class=\"elementor-element elementor-element-f6eeb8a elementor-widget elementor-widget-text-editor\" data-id=\"f6eeb8a\" data-element_type=\"widget\" data-e-type=\"widget\" data-widget_type=\"text-editor.default\">\n\t\t\t\t\t\t\t\t\t<p><span style=\"text-decoration: underline;\"><em><strong>Le site est h\u00e9berg\u00e9 par<\/strong><\/em><\/span> : Hostinger International Ltd<\/p><p>61 Lordou Vironos Street, 6023 Larnaca, Chypre<\/p>\t\t\t\t\t\t\t\t<\/div>\n\t\t\t\t\t<\/div>\n\t\t\t\t<\/div>\n\t\t<div class=\"elementor-element elementor-element-b33e713 e-flex e-con-boxed e-con e-parent\" data-id=\"b33e713\" data-element_type=\"container\" data-e-type=\"container\">\n\t\t\t\t\t<div class=\"e-con-inner\">\n\t\t\t\t<div class=\"elementor-element elementor-element-462549a elementor-widget elementor-widget-heading\" data-id=\"462549a\" data-element_type=\"widget\" data-e-type=\"widget\" data-widget_type=\"heading.default\">\n\t\t\t\t\t<h2 class=\"elementor-heading-title elementor-size-default\">\u2696\ufe0f Responsabilit\u00e9 <\/h2>\t\t\t\t<\/div>\n\t\t\t\t\t<\/div>\n\t\t\t\t<\/div>\n\t\t<div class=\"elementor-element elementor-element-b780ac2 e-flex e-con-boxed e-con e-parent\" data-id=\"b780ac2\" data-element_type=\"container\" data-e-type=\"container\">\n\t\t\t\t\t<div class=\"e-con-inner\">\n\t\t\t\t<div class=\"elementor-element elementor-element-b7ad5b7 elementor-widget elementor-widget-text-editor\" data-id=\"b7ad5b7\" data-element_type=\"widget\" data-e-type=\"widget\" data-widget_type=\"text-editor.default\">\n\t\t\t\t\t\t\t\t\t<p>L&rsquo;\u00e9diteur du site s&rsquo;efforce de fournir des informations aussi pr\u00e9cises et \u00e0 jour que possible. Toutefois, il ne saurait \u00eatre tenu responsable des erreurs, omissions ou d&rsquo;une absence de disponibilit\u00e9 des informations. \u00a0L&rsquo;utilisateur reconnait utiliser ces informations sous sa responsabilit\u00e9 exclusive. L&rsquo;\u00e9diteur ne pourra \u00eatre tenu responsable des dommages directs ou indirects r\u00e9sultant de l&rsquo;acc\u00e8s ou de l&rsquo;utilisation du site.\u00a0<\/p>\t\t\t\t\t\t\t\t<\/div>\n\t\t\t\t\t<\/div>\n\t\t\t\t<\/div>\n\t\t<div class=\"elementor-element elementor-element-e7d2459 e-flex e-con-boxed e-con e-parent\" data-id=\"e7d2459\" data-element_type=\"container\" data-e-type=\"container\">\n\t\t\t\t\t<div class=\"e-con-inner\">\n\t\t\t\t<div class=\"elementor-element elementor-element-901b6ab elementor-widget elementor-widget-heading\" data-id=\"901b6ab\" data-element_type=\"widget\" data-e-type=\"widget\" data-widget_type=\"heading.default\">\n\t\t\t\t\t<h2 class=\"elementor-heading-title elementor-size-default\">\ud83e\udde0 Propri\u00e9t\u00e9 intellectuelle<\/h2>\t\t\t\t<\/div>\n\t\t\t\t\t<\/div>\n\t\t\t\t<\/div>\n\t\t<div class=\"elementor-element elementor-element-f0a70d8 e-flex e-con-boxed e-con e-parent\" data-id=\"f0a70d8\" data-element_type=\"container\" data-e-type=\"container\">\n\t\t\t\t\t<div class=\"e-con-inner\">\n\t\t\t\t<div class=\"elementor-element elementor-element-d8cfb72 elementor-widget elementor-widget-text-editor\" data-id=\"d8cfb72\" data-element_type=\"widget\" data-e-type=\"widget\" data-widget_type=\"text-editor.default\">\n\t\t\t\t\t\t\t\t\t<p>L&rsquo;ensemble des \u00e9l\u00e9ments pr\u00e9sents sur ce site ( textes, images, graphismes, logo, identit\u00e9 visuelle, structure et contenu) est la propri\u00e9t\u00e9 exclusive de <em><strong>AD Aura Serenity &amp; Co<\/strong><\/em>, sauf mention contraire.<\/p><p>Toute reproduction, repr\u00e9sentation, modification, publication, adaptation, totale ou partielle, de ces \u00e9l\u00e9ments, quel que soit le moyen ou le proc\u00e9d\u00e9 utilis\u00e9, est interdite sans autorisation \u00e9crite pr\u00e9alable.\u00a0<\/p><p>Toute exploitation non autoris\u00e9e du site ou de son contenu pourra \u00eatre consid\u00e9r\u00e9e comme constitutive d&rsquo;une contrefa\u00e7on et poursuivie conform\u00e9ment aux dispositions l\u00e9gales en vigueur.\u00a0<\/p>\t\t\t\t\t\t\t\t<\/div>\n\t\t\t\t\t<\/div>\n\t\t\t\t<\/div>\n\t\t<div class=\"elementor-element elementor-element-dacfb98 e-flex e-con-boxed e-con e-parent\" data-id=\"dacfb98\" data-element_type=\"container\" data-e-type=\"container\">\n\t\t\t\t\t<div class=\"e-con-inner\">\n\t\t\t\t<div class=\"elementor-element elementor-element-a797e9d elementor-widget elementor-widget-heading\" data-id=\"a797e9d\" data-element_type=\"widget\" data-e-type=\"widget\" data-widget_type=\"heading.default\">\n\t\t\t\t\t<h2 class=\"elementor-heading-title elementor-size-default\">\u26a0\ufe0f Donn\u00e9es personnelles<\/h2>\t\t\t\t<\/div>\n\t\t\t\t\t<\/div>\n\t\t\t\t<\/div>\n\t\t<div class=\"elementor-element elementor-element-35fa85a e-flex e-con-boxed e-con e-parent\" data-id=\"35fa85a\" data-element_type=\"container\" data-e-type=\"container\">\n\t\t\t\t\t<div class=\"e-con-inner\">\n\t\t\t\t<div class=\"elementor-element elementor-element-8b97bf7 elementor-widget elementor-widget-text-editor\" data-id=\"8b97bf7\" data-element_type=\"widget\" data-e-type=\"widget\" data-widget_type=\"text-editor.default\">\n\t\t\t\t\t\t\t\t\t<p>Pour plus d&rsquo;informations sur la collecte et le traitement des donn\u00e9es personnelles, veuillez consulter notre Politique de confidentialit\u00e9.<\/p>\t\t\t\t\t\t\t\t<\/div>\n\t\t\t\t\t<\/div>\n\t\t\t\t<\/div>\n\t\t<div class=\"elementor-element elementor-element-bd45cac e-flex e-con-boxed e-con e-parent\" data-id=\"bd45cac\" data-element_type=\"container\" data-e-type=\"container\">\n\t\t\t\t\t<div class=\"e-con-inner\">\n\t\t\t\t<div class=\"elementor-element elementor-element-8c2b50b elementor-widget elementor-widget-text-editor\" data-id=\"8c2b50b\" data-element_type=\"widget\" data-e-type=\"widget\" data-widget_type=\"text-editor.default\">\n\t\t\t\t\t\t\t\t\t<p>AD Aura Serenity &amp; Co s&rsquo;engage \u00e0 assurer la transparence, la conformit\u00e9 l\u00e9gale et la protection des donn\u00e9es de ses utilisateurs.<\/p>\t\t\t\t\t\t\t\t<\/div>\n\t\t\t\t\t<\/div>\n\t\t\t\t<\/div>\n\t\t\t\t<\/div>","protected":false},"excerpt":{"rendered":"<p>MENTIONS LEGALES \ud83c\udfdb\ufe0f Editeur du site Le pr\u00e9sent site est \u00e9dit\u00e9 par :\u00a0 AD Aura Serenity &amp; Co Soci\u00e9t\u00e9 par Actions Simplifi\u00e9e Nom Commercial : AD Aura Serenity &#8211; Conciergerie Premium Si\u00e8ge social :\u00a0 455 Promenade des Anglais, Immeuble Nier Premier, 06200 NICE &#8211; FRANCE RCS Nice : 102 462 116 SIREN : 102 462 [&hellip;]<\/p>\n","protected":false},"author":1,"featured_media":0,"parent":0,"menu_order":0,"comment_status":"closed","ping_status":"closed","template":"elementor_header_footer","meta":{"_uag_custom_page_level_css":"","footnotes":""},"class_list":["post-2681","page","type-page","status-publish","hentry"],"_hostinger_reach_plugin_has_subscription_block":false,"_hostinger_reach_plugin_is_elementor":false,"uagb_featured_image_src":{"full":false,"thumbnail":false,"medium":false,"medium_large":false,"large":false,"1536x1536":false,"2048x2048":false,"trp-custom-language-flag":false,"woocommerce_thumbnail":false,"woocommerce_single":false,"woocommerce_gallery_thumbnail":false},"uagb_author_info":{"display_name":"AD Aura Serenity &amp; Co","author_link":"https:\/\/adauraserenity-conciergerie.com\/en\/author\/dorsy-mattgmail-com\/"},"uagb_comment_info":0,"uagb_excerpt":"MENTIONS LEGALES \ud83c\udfdb\ufe0f Editeur du site Le pr\u00e9sent site est \u00e9dit\u00e9 par :\u00a0 AD Aura Serenity &amp; Co Soci\u00e9t\u00e9 par Actions Simplifi\u00e9e Nom Commercial : AD Aura Serenity &#8211; Conciergerie Premium Si\u00e8ge social :\u00a0 455 Promenade des Anglais, Immeuble Nier Premier, 06200 NICE &#8211; FRANCE RCS Nice : 102 462 116 SIREN : 102 462&hellip;","_links":{"self":[{"href":"https:\/\/adauraserenity-conciergerie.com\/en\/wp-json\/wp\/v2\/pages\/2681","targetHints":{"allow":["GET"]}}],"collection":[{"href":"https:\/\/adauraserenity-conciergerie.com\/en\/wp-json\/wp\/v2\/pages"}],"about":[{"href":"https:\/\/adauraserenity-conciergerie.com\/en\/wp-json\/wp\/v2\/types\/page"}],"author":[{"embeddable":true,"href":"https:\/\/adauraserenity-conciergerie.com\/en\/wp-json\/wp\/v2\/users\/1"}],"replies":[{"embeddable":true,"href":"https:\/\/adauraserenity-conciergerie.com\/en\/wp-json\/wp\/v2\/comments?post=2681"}],"version-history":[{"count":12,"href":"https:\/\/adauraserenity-conciergerie.com\/en\/wp-json\/wp\/v2\/pages\/2681\/revisions"}],"predecessor-version":[{"id":2936,"href":"https:\/\/adauraserenity-conciergerie.com\/en\/wp-json\/wp\/v2\/pages\/2681\/revisions\/2936"}],"wp:attachment":[{"href":"https:\/\/adauraserenity-conciergerie.com\/en\/wp-json\/wp\/v2\/media?parent=2681"}],"curies":[{"name":"wp","href":"https:\/\/api.w.org\/{rel}","templated":true}]}}