{"id":3,"date":"2026-03-14T14:30:26","date_gmt":"2026-03-14T14:30:26","guid":{"rendered":"http:\/\/adauraserenity-conciergerie.com\/?page_id=3"},"modified":"2026-04-16T12:37:55","modified_gmt":"2026-04-16T11:37:55","slug":"politique-confidentialite","status":"publish","type":"page","link":"https:\/\/adauraserenity-conciergerie.com\/en\/politique-confidentialite\/","title":{"rendered":"POLITIQUE DE CONFIDENTIALIT\u00c9"},"content":{"rendered":"<div data-elementor-type=\"wp-page\" data-elementor-id=\"3\" class=\"elementor elementor-3\" data-elementor-post-type=\"page\">\n\t\t\t\t<div class=\"elementor-element elementor-element-6310a219 e-flex e-con-boxed e-con e-parent\" data-id=\"6310a219\" data-element_type=\"container\" data-e-type=\"container\">\n\t\t\t\t\t<div class=\"e-con-inner\">\n\t\t\t\t<div class=\"elementor-element elementor-element-7477b6cc elementor-widget elementor-widget-text-editor\" data-id=\"7477b6cc\" data-element_type=\"widget\" data-e-type=\"widget\" data-widget_type=\"text-editor.default\">\n\t\t\t\t\t\t\t\t\t<h5 class=\"wp-block-heading\">Qui sommes nous\u00a0<\/h5>\n<p><span style=\"text-decoration: underline;\"><em><strong>L&rsquo;adresse de notre site est<\/strong><\/em><\/span> : <strong>https:\/\/adauraserenity-conciergerie.com<\/strong><\/p>\n<p><span style=\"text-decoration: underline;\"><em><strong>Le site est \u00e9dit\u00e9 par<\/strong><\/em><\/span> <strong>: AD Aura Serenity &amp; Co<\/strong>, Soci\u00e9t\u00e9 par actions simplifi\u00e9e<\/p>\n<p><span style=\"text-decoration: underline;\"><em><strong>Nom Commercial<\/strong><\/em><\/span> : <strong>AD Aura Serenity &#8211; Conciergerie Premium\u00a0<\/strong><\/p>\n<p><span style=\"text-decoration: underline;\"><em><strong>Si\u00e8ge social<\/strong><\/em><\/span> : <strong>455 Promenade des Anglais , Immeuble Nice Premier A, 6200 Nice &#8211; FRANCE<\/strong><\/p>\n<p>RCS Nice : 102 462 116<\/p>\n<p>SIREN : 102 462 116<\/p>\n<p><!-- \/wp:heading --><!-- wp:paragraph --><\/p>\n<p><span style=\"text-decoration: underline;\"><em><strong>Contact<\/strong><\/em><\/span> :\u00a0<\/p>\n<p><span style=\"text-decoration: underline;\"><em><strong>Email<\/strong><\/em><\/span> : contact@adauraserenity-conciergerie.com<\/p>\n<p><span style=\"text-decoration: underline;\"><em><strong>T\u00e9l\u00e9phone<\/strong><\/em><\/span> : 0667214255<\/p>\n<p><!-- \/wp:paragraph --><!-- wp:heading --><\/p>\n<h6>Commentaires<\/h6>\n<p><!-- \/wp:heading --><!-- wp:paragraph --><\/p>\n<p>Lorsque les visiteurs laissent des commentaires sur le site, nous collectons des donn\u00e9es inscrites dans le formulaire de commentaire, ainsi que l&rsquo;adresse IP du visiteur et la cha\u00eene de l&rsquo;agent utilisateur du navigateur afin d&rsquo;aider \u00e0 la d\u00e9tection des commentaires ind\u00e9sirables.\u00a0<\/p>\n<p>Une cha\u00eene anonymis\u00e9e (hash) cr\u00e9\u00e9e \u00e0 partir de votre adresse email peut \u00eatre envoy\u00e9e au service Gravatar pour v\u00e9rifier son utilisation.\u00a0<\/p>\n<p><span style=\"text-decoration: underline;\"><em><strong>Les conditions de confidentialit\u00e9 du service Gravatar sont disponibles ici<\/strong> <\/em><\/span>: <strong>https:\/\/automattic.com\/privacy\/<\/strong><\/p>\n<p>Apr\u00e8s validation de votre commentaire, votre photo de profil peut \u00eatre visible publiquement.\u00a0<\/p>\n<h6><em><strong>M\u00e9dias<\/strong><\/em><\/h6>\n<p>Si vous t\u00e9l\u00e9versez des images sur le site, nous vous recommandons d&rsquo;\u00e9viter de t\u00e9l\u00e9verser des images contenant des donn\u00e9es EXIF de localisation (GPS).\u00a0<\/p>\n<p>les visiteurs du site peuvent t\u00e9l\u00e9charger et extraire ces donn\u00e9es depuis les images publi\u00e9es.\u00a0<\/p>\n<p><em><strong>Cookies<\/strong><\/em>\u00a0<\/p>\n<p><span style=\"text-decoration: underline;\"><em><strong>Le site utilis\u00e9 des cookies afin de<\/strong><\/em><\/span> :\u00a0<\/p>\n<p>Am\u00e9liorer l&rsquo;exp\u00e9rience utilisateur<\/p>\n<p>Assurer le bon fonctionnement du site<\/p>\n<p>Mesurer l&rsquo;audience et les performances<\/p>\n<p><em><strong>Cookies li\u00e9s aux commentaires\u00a0<\/strong><\/em><\/p>\n<p>Si vous laissez un commentaire, il vous sera proposez d&rsquo;enregistrer votre nom, adresse email, et site dans des cookies.<\/p>\n<p>Ces cookies durent un an.\u00a0<\/p>\n<p><em><strong>Cookies de connexion<\/strong><\/em><\/p>\n<p>Si vous visitez la page de connexion, un cookie temporaire sera cr\u00e9\u00e9 pour d\u00e9terminer si votre navigateur accepte les cookies.\u00a0<\/p>\n<p>Ce cookie ne contient pas de donn\u00e9es personnelles et est supprim\u00e9 \u00e0 la fermeture du navigateur.\u00a0<\/p>\n<p><span style=\"text-decoration: underline;\"><em><strong>Lorsque vous vous connectez, plusieurs cookies sont mis en place pour enregistrer vos informations de connexion et vos pr\u00e9f\u00e9rences d&rsquo;\u00e9cran<\/strong><\/em><\/span> :<\/p>\n<p><em><strong>Cookies de connexion<\/strong><\/em> : 2 jours<\/p>\n<p><em><strong>Cookies d&rsquo;options d&rsquo;\u00e9cran<\/strong><\/em> : 1 an<\/p>\n<p><em><strong>Option \u00ab\u00a0Se souvenir de moi\u00a0\u00bb<\/strong><\/em> : 2 semaines<\/p>\n<p><em><strong>Cookies li\u00e9s \u00e0 l&rsquo;\u00e9dition<\/strong> <\/em><\/p>\n<p>Si vous modifiez ou publiez un contenu, un cookie sera enregistr\u00e9 dans votre navigateur.\u00a0<\/p>\n<p>Ce cookie ne contiene aucun donn\u00e9es personnelle et expire apr\u00e8s un jour.\u00a0<\/p>\n<p><em><strong>Gestion des cookies\u00a0<\/strong><\/em><\/p>\n<p>Vous pouvez configurer votre navigateur pour refuser ou supprimer les cookies.\u00a0<\/p>\n<p>Le refus de certains cookies peut alterer le fonctionnement du site.\u00a0<\/p>\n<p><strong><em>Contenus embarqu\u00e9s<\/em><\/strong><\/p>\n<p>Les pages de ce site peuvent inclure des contenus int\u00e9gr\u00e9s ( ex : vid\u00e9os, images, cartes google Maps, etc..).\u00a0<\/p>\n<p>Ces contenus se comportent comme si vous visitiez directement ces sites tiers.\u00a0<\/p>\n<p>Ces sites peuvent collecter des donn\u00e9es, utiliser des cookies et suivre vos interactions.\u00a0<\/p>\n<p><em><strong>Partage des donn\u00e9es\u00a0<\/strong><\/em><\/p>\n<p>Les donn\u00e9es personnelles ne sont ni vendues, ni lou\u00e9es, ni c\u00e9d\u00e9es \u00e0 des tiers.\u00a0<\/p>\n<p>Elles peuvent \u00eatre trait\u00e9es uniquement par :<\/p>\n<p>L&rsquo;h\u00e9bergeur du site (Hostinger)<\/p>\n<p>Les outils techniques n\u00e9cessaires au fonctionnement du site<\/p>\n<p>Dans le cas d&rsquo;une demande de r\u00e9initialisation de mot de passe, l&rsquo;adresse IP peut \u00eatre incluse dans l&#8217;email de r\u00e9initialisation.\u00a0<\/p>\n<p><em><strong>Dur\u00e9e de conservation\u00a0<\/strong><\/em><\/p>\n<p>Si vous laissez un commentaire, celui)ci et ses m\u00e9tadonn\u00e9es sont conserv\u00e9s ind\u00e9finiment afin de faciliter le suivi des \u00e9changes.\u00a0<\/p>\n<p>Pour les utilisateurs inscrits ( le cas \u00e9ch\u00e9ant), les informations personnelles sont conserv\u00e9es dans leur profil utilisateur.\u00a0<\/p>\n<p>Les donn\u00e9es issues des formulaires de contact sont conserv\u00e9es uniquement le temps n\u00e9cessaire de la demande et \u00e0 la relation commerciales.\u00a0<\/p>\n<p><em><strong>Vos droits<\/strong><\/em><\/p>\n<p><span style=\"text-decoration: underline;\"><em><strong>Conform\u00e9ment au RGPD, vous disposez des droits suivants<\/strong> <\/em><\/span>:\u00a0<\/p>\n<p>Dois d&rsquo;acc\u00e8s<\/p>\n<p>Droit de rectification<\/p>\n<p>Droit de suppression\u00a0<\/p>\n<p>Droit d&rsquo;opposition\u00a0<\/p>\n<p>Droit \u00e0 la limitation du traitement<\/p>\n<p><span style=\"text-decoration: underline;\"><em><strong>Vous pouvez demander<\/strong><\/em><\/span> :\u00a0<\/p>\n<p>Un export de vos donn\u00e9es<\/p>\n<p>La suppression de vos donn\u00e9es personnelles<\/p>\n<p><img decoding=\"async\" class=\"emoji\" role=\"img\" draggable=\"false\" src=\"https:\/\/s.w.org\/images\/core\/emoji\/17.0.2\/svg\/1f4e7.svg\" alt=\"\ud83d\udce7\" \/> contact@adauraserenity-conciergerie.com<\/p>\n<p>Certaines donn\u00e9es peuvent \u00eatre conserv\u00e9es pour des obligations l\u00e9gales ou administratives.\u00a0<\/p>\n<p><span style=\"text-decoration: underline;\"><em><strong>Destinations des donn\u00e9es\u00a0<\/strong><\/em><\/span><\/p>\n<p>Les commentaires des visiteurs peuvent \u00eatre v\u00e9rifi\u00e9s via un service automatis\u00e9 de d\u00e9tection de spam.\u00a0<\/p>\n<p>Les donn\u00e9es peuvent \u00eatre h\u00e9berg\u00e9es via des prestataires techniques ( notamment Hostinger).\u00a0<\/p>\n<p>Ces prestataires respectent des obligations strictes de s\u00e9curit\u00e9 et de confidentialit\u00e9.\u00a0<\/p>\n<p>\u00a0<\/p>\n<p>\u00a0<\/p>\n<p>\u00a0<\/p>\t\t\t\t\t\t\t\t<\/div>\n\t\t\t\t\t<\/div>\n\t\t\t\t<\/div>\n\t\t<div class=\"elementor-element elementor-element-95717f7 e-flex e-con-boxed e-con e-parent\" data-id=\"95717f7\" data-element_type=\"container\" data-e-type=\"container\">\n\t\t\t\t\t<div class=\"e-con-inner\">\n\t\t\t\t<div class=\"elementor-element elementor-element-7382e95 elementor-widget elementor-widget-text-editor\" data-id=\"7382e95\" data-element_type=\"widget\" data-e-type=\"widget\" data-widget_type=\"text-editor.default\">\n\t\t\t\t\t\t\t\t\t<p>AD Aura Serenity accorde une importance particuli\u00e8re \u00e0 la protection des donn\u00e9es personnelles et s&rsquo;engage \u00e0 garantir un traitement confidentiel, s\u00e9curis\u00e9, et conforme aux exigences r\u00e9glementaires.\u00a0<\/p>\t\t\t\t\t\t\t\t<\/div>\n\t\t\t\t\t<\/div>\n\t\t\t\t<\/div>\n\t\t\t\t<\/div>","protected":false},"excerpt":{"rendered":"<p>Qui sommes nous\u00a0 L&rsquo;adresse de notre site est : https:\/\/adauraserenity-conciergerie.com Le site est \u00e9dit\u00e9 par : AD Aura Serenity &amp; Co, Soci\u00e9t\u00e9 par actions simplifi\u00e9e Nom Commercial : AD Aura Serenity &#8211; Conciergerie Premium\u00a0 Si\u00e8ge social : 455 Promenade des Anglais , Immeuble Nice Premier A, 6200 Nice &#8211; FRANCE RCS Nice : 102 462 [&hellip;]<\/p>\n","protected":false},"author":1,"featured_media":0,"parent":0,"menu_order":0,"comment_status":"closed","ping_status":"closed","template":"elementor_header_footer","meta":{"_uag_custom_page_level_css":"","footnotes":""},"class_list":["post-3","page","type-page","status-publish","hentry"],"_hostinger_reach_plugin_has_subscription_block":false,"_hostinger_reach_plugin_is_elementor":false,"uagb_featured_image_src":{"full":false,"thumbnail":false,"medium":false,"medium_large":false,"large":false,"1536x1536":false,"2048x2048":false,"trp-custom-language-flag":false,"woocommerce_thumbnail":false,"woocommerce_single":false,"woocommerce_gallery_thumbnail":false},"uagb_author_info":{"display_name":"AD Aura Serenity &amp; Co","author_link":"https:\/\/adauraserenity-conciergerie.com\/en\/author\/dorsy-mattgmail-com\/"},"uagb_comment_info":0,"uagb_excerpt":"Qui sommes nous\u00a0 L&rsquo;adresse de notre site est : https:\/\/adauraserenity-conciergerie.com Le site est \u00e9dit\u00e9 par : AD Aura Serenity &amp; Co, Soci\u00e9t\u00e9 par actions simplifi\u00e9e Nom Commercial : AD Aura Serenity &#8211; Conciergerie Premium\u00a0 Si\u00e8ge social : 455 Promenade des Anglais , Immeuble Nice Premier A, 6200 Nice &#8211; FRANCE RCS Nice : 102 462&hellip;","_links":{"self":[{"href":"https:\/\/adauraserenity-conciergerie.com\/en\/wp-json\/wp\/v2\/pages\/3","targetHints":{"allow":["GET"]}}],"collection":[{"href":"https:\/\/adauraserenity-conciergerie.com\/en\/wp-json\/wp\/v2\/pages"}],"about":[{"href":"https:\/\/adauraserenity-conciergerie.com\/en\/wp-json\/wp\/v2\/types\/page"}],"author":[{"embeddable":true,"href":"https:\/\/adauraserenity-conciergerie.com\/en\/wp-json\/wp\/v2\/users\/1"}],"replies":[{"embeddable":true,"href":"https:\/\/adauraserenity-conciergerie.com\/en\/wp-json\/wp\/v2\/comments?post=3"}],"version-history":[{"count":9,"href":"https:\/\/adauraserenity-conciergerie.com\/en\/wp-json\/wp\/v2\/pages\/3\/revisions"}],"predecessor-version":[{"id":2854,"href":"https:\/\/adauraserenity-conciergerie.com\/en\/wp-json\/wp\/v2\/pages\/3\/revisions\/2854"}],"wp:attachment":[{"href":"https:\/\/adauraserenity-conciergerie.com\/en\/wp-json\/wp\/v2\/media?parent=3"}],"curies":[{"name":"wp","href":"https:\/\/api.w.org\/{rel}","templated":true}]}}